{"id":1116,"date":"2022-02-01T13:50:43","date_gmt":"2022-02-01T13:50:43","guid":{"rendered":"https:\/\/cofapro.be\/protection-antichute\/persoonlijke-valbeveiliging\/"},"modified":"2022-02-28T08:33:46","modified_gmt":"2022-02-28T08:33:46","slug":"protection-individuelle-contre-les-chutes","status":"publish","type":"page","link":"https:\/\/cofapro.be\/fr\/protection-antichute\/protection-individuelle-contre-les-chutes\/","title":{"rendered":"Protection individuelle contre les chutes"},"content":{"rendered":"<div id='av_section_1'  class='avia-section av-ckoh4-643278fbb5f644246852a2cf9b7ca822 main_color avia-section-default avia-no-border-styling  avia-builder-el-0  el_before_av_layout_row  avia-builder-el-first  avia-bg-style-scroll container_wrap sidebar_right'  ><div class='container av-section-cont-open' ><main  role=\"main\" itemprop=\"mainContentOfPage\"  class='template-page content  av-content-small alpha units'><div class='post-entry post-entry-type-page post-entry-1116'><div class='entry-content-wrapper clearfix'>\n\n<style type=\"text\/css\" data-created_by=\"avia_inline_auto\" id=\"style-css-av-l0279zme-aff40dbe071552c22c251aa9b753fbbe\">\n#top .av-special-heading.av-l0279zme-aff40dbe071552c22c251aa9b753fbbe{\npadding-bottom:10px;\nfont-size:60px;\n}\nbody .av-special-heading.av-l0279zme-aff40dbe071552c22c251aa9b753fbbe .av-special-heading-tag .heading-char{\nfont-size:25px;\n}\n#top #wrap_all .av-special-heading.av-l0279zme-aff40dbe071552c22c251aa9b753fbbe .av-special-heading-tag{\nfont-size:60px;\n}\n.av-special-heading.av-l0279zme-aff40dbe071552c22c251aa9b753fbbe .av-subheading{\nfont-size:15px;\n}\n<\/style>\n<div  class='av-special-heading av-l0279zme-aff40dbe071552c22c251aa9b753fbbe av-special-heading-h1 blockquote modern-quote  avia-builder-el-1  avia-builder-el-no-sibling  av-inherit-size'><h1 class='av-special-heading-tag'  itemprop=\"headline\"  ><span class=\"green\">Protection individuelle<\/span><br \/>\ncontre les chutes<\/h1><div class=\"special-heading-border\"><div class=\"special-heading-inner-border\"><\/div><\/div><\/div>\n<\/div><\/div><\/main><!-- close content main element --><\/div><\/div><div id='av-layout-grid-1'  class='av-layout-grid-container av-c7nhs-2aef7d9e9bb5f6ac3ad4c6d613a0d427 entry-content-wrapper main_color av-flex-cells  avia-builder-el-2  el_after_av_section  el_before_av_section  grid-row-not-first  container_wrap sidebar_right'  >\n\n<style type=\"text\/css\" data-created_by=\"avia_inline_auto\" id=\"style-css-av-buzjw-af73ef1e390b5e5eab8271af6180f916\">\n.flex_cell.av-buzjw-af73ef1e390b5e5eab8271af6180f916{\nvertical-align:top;\npadding:0px 0px 0px 0px;\n}\n<\/style>\n<div class='flex_cell av_one_full av-buzjw-af73ef1e390b5e5eab8271af6180f916 no_margin  avia-builder-el-3  avia-builder-el-no-sibling  av-zero-padding' ><div class='flex_cell_inner'><div  class='avia-slideshow av-l027bqkl-82434def91becfa74694757df492cd39 av-control-minimal avia-slideshow-extra_large av_slideshow avia-slide-slider  avia-builder-el-4  avia-builder-el-no-sibling  av-default-height-applied avia-slideshow-1'  data-size='extra_large'  data-lightbox_size='large'  data-animation='slide'  data-conditional_play=''  data-ids='309,153,144,312,330,342,345,354,357'  data-video_counter='0'  data-autoplay='false'  data-bg_slider='false'  data-slide_height=''  data-handle='av_slideshow'  data-interval='5'  data-class=' avia-builder-el-4  avia-builder-el-no-sibling '  data-extra_class=''  data-el_id=''  data-css_id=''  data-scroll_down=''  data-control_layout='av-control-minimal'  data-custom_markup=''  data-perma_caption=''  data-autoplay_stopper=''  data-image_attachment=''  data-min_height='0px'  data-lazy_loading='disabled'  data-default-height='45.2'  data-img_scrset=''  data-av-desktop-hide=''  data-av-medium-hide=''  data-av-small-hide=''  data-av-mini-hide=''  data-alb_description=''  data-id=''  data-custom_class=''  data-template_class=''  data-av_uid='av-l027bqkl'  data-sc_version='1.0'  data-heading_tag=''  data-heading_class=''   itemprop=\"image\" itemscope=\"itemscope\" itemtype=\"https:\/\/schema.org\/ImageObject\" ><ul class='avia-slideshow-inner ' style='padding-bottom: 45.2%;'><li  class='avia-slideshow-slide av-l027bqkl-82434def91becfa74694757df492cd39__0  slide-1 ' ><div data-rel='slideshow-1' class='avia-slide-wrap '   ><img decoding=\"async\" class=\"wp-image-311 avia-img-lazy-loading-not-311\"  src=\"https:\/\/cofapro.be\/wp-content\/uploads\/2022\/02\/Lijn-ABS-8-e1637858878674.jpg\" width=\"1500\" height=\"678\" title='Lijn-ABS-8-e1637858878674' alt='Lijn ABS  e'  itemprop=\"thumbnailUrl\" srcset=\"https:\/\/cofapro.be\/wp-content\/uploads\/2022\/02\/Lijn-ABS-8-e1637858878674.jpg 1500w, https:\/\/cofapro.be\/wp-content\/uploads\/2022\/02\/Lijn-ABS-8-e1637858878674-300x136.jpg 300w, https:\/\/cofapro.be\/wp-content\/uploads\/2022\/02\/Lijn-ABS-8-e1637858878674-1030x466.jpg 1030w, https:\/\/cofapro.be\/wp-content\/uploads\/2022\/02\/Lijn-ABS-8-e1637858878674-768x347.jpg 768w, https:\/\/cofapro.be\/wp-content\/uploads\/2022\/02\/Lijn-ABS-8-e1637858878674-705x319.jpg 705w\" sizes=\"(max-width: 1500px) 100vw, 1500px\" \/><\/div><\/li><li  class='avia-slideshow-slide av-l027bqkl-82434def91becfa74694757df492cd39__1  slide-2 ' ><div data-rel='slideshow-1' class='avia-slide-wrap '   ><img decoding=\"async\" class=\"wp-image-155 avia-img-lazy-loading-not-155\"  src=\"https:\/\/cofapro.be\/wp-content\/uploads\/2022\/02\/leeflijnen-e1645964907816.jpg\" width=\"699\" height=\"466\" title='leeflijnen' alt='leeflijnen'  itemprop=\"thumbnailUrl\"   \/><\/div><\/li><li  class='avia-slideshow-slide av-l027bqkl-82434def91becfa74694757df492cd39__2  slide-3 ' ><div data-rel='slideshow-1' class='avia-slide-wrap '   ><img decoding=\"async\" class=\"wp-image-146 avia-img-lazy-loading-not-146\"  src=\"https:\/\/cofapro.be\/wp-content\/uploads\/2022\/02\/Lijn-ABS-2-e1637917339334-1024x689-1.jpg\" width=\"1024\" height=\"689\" title='Lijn-ABS-2-e1637917339334-1024x689' alt='Lijn ABS  e'  itemprop=\"thumbnailUrl\" srcset=\"https:\/\/cofapro.be\/wp-content\/uploads\/2022\/02\/Lijn-ABS-2-e1637917339334-1024x689-1.jpg 1024w, https:\/\/cofapro.be\/wp-content\/uploads\/2022\/02\/Lijn-ABS-2-e1637917339334-1024x689-1-300x202.jpg 300w, https:\/\/cofapro.be\/wp-content\/uploads\/2022\/02\/Lijn-ABS-2-e1637917339334-1024x689-1-768x517.jpg 768w, https:\/\/cofapro.be\/wp-content\/uploads\/2022\/02\/Lijn-ABS-2-e1637917339334-1024x689-1-705x474.jpg 705w\" sizes=\"(max-width: 1024px) 100vw, 1024px\" \/><\/div><\/li><li  class='avia-slideshow-slide av-l027bqkl-82434def91becfa74694757df492cd39__3  slide-4 ' ><div data-rel='slideshow-1' class='avia-slide-wrap '   ><img decoding=\"async\" class=\"wp-image-314 avia-img-lazy-loading-not-314\"  src=\"https:\/\/cofapro.be\/wp-content\/uploads\/2022\/02\/Lijn-ABS-4-e1637858802105.jpg\" width=\"1500\" height=\"678\" title='Lijn-ABS-4-e1637858802105' alt='Lijn ABS  e'  itemprop=\"thumbnailUrl\" srcset=\"https:\/\/cofapro.be\/wp-content\/uploads\/2022\/02\/Lijn-ABS-4-e1637858802105.jpg 1500w, https:\/\/cofapro.be\/wp-content\/uploads\/2022\/02\/Lijn-ABS-4-e1637858802105-300x136.jpg 300w, https:\/\/cofapro.be\/wp-content\/uploads\/2022\/02\/Lijn-ABS-4-e1637858802105-1030x466.jpg 1030w, https:\/\/cofapro.be\/wp-content\/uploads\/2022\/02\/Lijn-ABS-4-e1637858802105-768x347.jpg 768w, https:\/\/cofapro.be\/wp-content\/uploads\/2022\/02\/Lijn-ABS-4-e1637858802105-705x319.jpg 705w\" sizes=\"(max-width: 1500px) 100vw, 1500px\" \/><\/div><\/li><li  class='avia-slideshow-slide av-l027bqkl-82434def91becfa74694757df492cd39__4  slide-5 ' ><div data-rel='slideshow-1' class='avia-slide-wrap '   ><img decoding=\"async\" class=\"wp-image-332 avia-img-lazy-loading-not-332\"  src=\"https:\/\/cofapro.be\/wp-content\/uploads\/2022\/02\/Lijn-Daksafe-e1637856458624.jpg\" width=\"1500\" height=\"678\" title='Lijn-Daksafe-e1637856458624' alt='Lijn Daksafe e'  itemprop=\"thumbnailUrl\" srcset=\"https:\/\/cofapro.be\/wp-content\/uploads\/2022\/02\/Lijn-Daksafe-e1637856458624.jpg 1500w, https:\/\/cofapro.be\/wp-content\/uploads\/2022\/02\/Lijn-Daksafe-e1637856458624-300x136.jpg 300w, https:\/\/cofapro.be\/wp-content\/uploads\/2022\/02\/Lijn-Daksafe-e1637856458624-1030x466.jpg 1030w, https:\/\/cofapro.be\/wp-content\/uploads\/2022\/02\/Lijn-Daksafe-e1637856458624-768x347.jpg 768w, https:\/\/cofapro.be\/wp-content\/uploads\/2022\/02\/Lijn-Daksafe-e1637856458624-705x319.jpg 705w\" sizes=\"(max-width: 1500px) 100vw, 1500px\" \/><\/div><\/li><li  class='avia-slideshow-slide av-l027bqkl-82434def91becfa74694757df492cd39__5  slide-6 ' ><div data-rel='slideshow-1' class='avia-slide-wrap '   ><img decoding=\"async\" class=\"wp-image-344 avia-img-lazy-loading-not-344\"  src=\"https:\/\/cofapro.be\/wp-content\/uploads\/2022\/02\/Lijn-ABS-5-e1637858820763.jpg\" width=\"1500\" height=\"678\" title='Lijn-ABS-5-e1637858820763' alt='Lijn ABS  e'  itemprop=\"thumbnailUrl\" srcset=\"https:\/\/cofapro.be\/wp-content\/uploads\/2022\/02\/Lijn-ABS-5-e1637858820763.jpg 1500w, https:\/\/cofapro.be\/wp-content\/uploads\/2022\/02\/Lijn-ABS-5-e1637858820763-300x136.jpg 300w, https:\/\/cofapro.be\/wp-content\/uploads\/2022\/02\/Lijn-ABS-5-e1637858820763-1030x466.jpg 1030w, https:\/\/cofapro.be\/wp-content\/uploads\/2022\/02\/Lijn-ABS-5-e1637858820763-768x347.jpg 768w, https:\/\/cofapro.be\/wp-content\/uploads\/2022\/02\/Lijn-ABS-5-e1637858820763-705x319.jpg 705w\" sizes=\"(max-width: 1500px) 100vw, 1500px\" \/><\/div><\/li><li  class='avia-slideshow-slide av-l027bqkl-82434def91becfa74694757df492cd39__6  slide-7 ' ><div data-rel='slideshow-1' class='avia-slide-wrap '   ><img decoding=\"async\" class=\"wp-image-347 avia-img-lazy-loading-not-347\"  src=\"https:\/\/cofapro.be\/wp-content\/uploads\/2022\/02\/Lijn-Daksafe-2-e1637856381555.jpg\" width=\"1500\" height=\"678\" title='Lijn-Daksafe-2-e1637856381555' alt='Lijn Daksafe  e'  itemprop=\"thumbnailUrl\" srcset=\"https:\/\/cofapro.be\/wp-content\/uploads\/2022\/02\/Lijn-Daksafe-2-e1637856381555.jpg 1500w, https:\/\/cofapro.be\/wp-content\/uploads\/2022\/02\/Lijn-Daksafe-2-e1637856381555-300x136.jpg 300w, https:\/\/cofapro.be\/wp-content\/uploads\/2022\/02\/Lijn-Daksafe-2-e1637856381555-1030x466.jpg 1030w, https:\/\/cofapro.be\/wp-content\/uploads\/2022\/02\/Lijn-Daksafe-2-e1637856381555-768x347.jpg 768w, https:\/\/cofapro.be\/wp-content\/uploads\/2022\/02\/Lijn-Daksafe-2-e1637856381555-705x319.jpg 705w\" sizes=\"(max-width: 1500px) 100vw, 1500px\" \/><\/div><\/li><li  class='avia-slideshow-slide av-l027bqkl-82434def91becfa74694757df492cd39__7  slide-8 ' ><div data-rel='slideshow-1' class='avia-slide-wrap '   ><img decoding=\"async\" class=\"wp-image-356 avia-img-lazy-loading-not-356\"  src=\"https:\/\/cofapro.be\/wp-content\/uploads\/2022\/02\/Lijn-ABS-e1637856346510.jpg\" width=\"1500\" height=\"678\" title='Lijn-ABS-e1637856346510' alt='Lijn ABS e'  itemprop=\"thumbnailUrl\" srcset=\"https:\/\/cofapro.be\/wp-content\/uploads\/2022\/02\/Lijn-ABS-e1637856346510.jpg 1500w, https:\/\/cofapro.be\/wp-content\/uploads\/2022\/02\/Lijn-ABS-e1637856346510-300x136.jpg 300w, https:\/\/cofapro.be\/wp-content\/uploads\/2022\/02\/Lijn-ABS-e1637856346510-1030x466.jpg 1030w, https:\/\/cofapro.be\/wp-content\/uploads\/2022\/02\/Lijn-ABS-e1637856346510-768x347.jpg 768w, https:\/\/cofapro.be\/wp-content\/uploads\/2022\/02\/Lijn-ABS-e1637856346510-705x319.jpg 705w\" sizes=\"(max-width: 1500px) 100vw, 1500px\" \/><\/div><\/li><li  class='avia-slideshow-slide av-l027bqkl-82434def91becfa74694757df492cd39__8  slide-9 ' ><div data-rel='slideshow-1' class='avia-slide-wrap '   ><img decoding=\"async\" class=\"wp-image-359 avia-img-lazy-loading-not-359\"  src=\"https:\/\/cofapro.be\/wp-content\/uploads\/2022\/02\/Lijn-ABS-6-e1637858836998.jpg\" width=\"1500\" height=\"678\" title='Lijn-ABS-6-e1637858836998' alt='Lijn ABS  e'  itemprop=\"thumbnailUrl\" srcset=\"https:\/\/cofapro.be\/wp-content\/uploads\/2022\/02\/Lijn-ABS-6-e1637858836998.jpg 1500w, https:\/\/cofapro.be\/wp-content\/uploads\/2022\/02\/Lijn-ABS-6-e1637858836998-300x136.jpg 300w, https:\/\/cofapro.be\/wp-content\/uploads\/2022\/02\/Lijn-ABS-6-e1637858836998-1030x466.jpg 1030w, https:\/\/cofapro.be\/wp-content\/uploads\/2022\/02\/Lijn-ABS-6-e1637858836998-768x347.jpg 768w, https:\/\/cofapro.be\/wp-content\/uploads\/2022\/02\/Lijn-ABS-6-e1637858836998-705x319.jpg 705w\" sizes=\"(max-width: 1500px) 100vw, 1500px\" \/><\/div><\/li><\/ul><div class='avia-slideshow-arrows avia-slideshow-controls' ><a href='#prev' class='prev-slide ' aria-hidden='true' data-av_icon='\ue87c' data-av_iconfont='entypo-fontello'  tabindex='-1'>Pr\u00e9c\u00e9dent<\/a><a href='#next' class='next-slide ' aria-hidden='true' data-av_icon='\ue87d' data-av_iconfont='entypo-fontello'  tabindex='-1'>Suivant<\/a><\/div><div class='avia-slideshow-dots avia-slideshow-controls'><a href='#1' class='goto-slide active' >1<\/a><a href='#2' class='goto-slide ' >2<\/a><a href='#3' class='goto-slide ' >3<\/a><a href='#4' class='goto-slide ' >4<\/a><a href='#5' class='goto-slide ' >5<\/a><a href='#6' class='goto-slide ' >6<\/a><a href='#7' class='goto-slide ' >7<\/a><a href='#8' class='goto-slide ' >8<\/a><a href='#9' class='goto-slide ' >9<\/a><\/div><\/div>\n<\/div><\/div>\n<\/div><\/p>\n<div id='av_section_2'  class='avia-section av-5hzhs-1f5e9fd997151b9f7016184d695737d9 main_color avia-section-huge avia-no-border-styling  avia-builder-el-5  el_after_av_layout_row  el_before_av_section  avia-bg-style-scroll container_wrap sidebar_right'  ><div class='container av-section-cont-open' ><div class='template-page content  av-content-small alpha units'><div class='post-entry post-entry-type-page post-entry-1116'><div class='entry-content-wrapper clearfix'>\n<div class='flex_column_table av-59xdc-210f2e664885267947a712e0c3244949 sc-av_one_third av-equal-height-column-flextable'>\n<style type=\"text\/css\" data-created_by=\"avia_inline_auto\" id=\"style-css-av-59xdc-210f2e664885267947a712e0c3244949\">\n.flex_column.av-59xdc-210f2e664885267947a712e0c3244949{\npadding:15px 15px 15px 15px;\n}\n<\/style>\n<div class='flex_column av-59xdc-210f2e664885267947a712e0c3244949 av_one_third  avia-builder-el-6  el_before_av_one_third  avia-builder-el-first  first flex_column_table_cell av-equal-height-column av-align-top '   ><p>\n<style type=\"text\/css\" data-created_by=\"avia_inline_auto\" id=\"style-css-av-l027a8fb-ed3272b991b9e02091927def89971245\">\n#top .av-special-heading.av-l027a8fb-ed3272b991b9e02091927def89971245{\npadding-bottom:10px;\ncolor:#6fb634;\nfont-size:35px;\n}\nbody .av-special-heading.av-l027a8fb-ed3272b991b9e02091927def89971245 .av-special-heading-tag .heading-char{\nfont-size:25px;\n}\n#top #wrap_all .av-special-heading.av-l027a8fb-ed3272b991b9e02091927def89971245 .av-special-heading-tag{\nfont-size:35px;\n}\n.av-special-heading.av-l027a8fb-ed3272b991b9e02091927def89971245 .special-heading-inner-border{\nborder-color:#6fb634;\n}\n.av-special-heading.av-l027a8fb-ed3272b991b9e02091927def89971245 .av-subheading{\nfont-size:15px;\n}\n<\/style>\n<div  class='av-special-heading av-l027a8fb-ed3272b991b9e02091927def89971245 av-special-heading-h2 custom-color-heading blockquote modern-quote  avia-builder-el-7  el_before_av_hr  avia-builder-el-first  av-inherit-size'><h2 class='av-special-heading-tag'  itemprop=\"headline\"  >ASSUR\u00c9 LORS DES TRAVAUX<br \/>\nEN HAUTEUR<\/h2><div class=\"special-heading-border\"><div class=\"special-heading-inner-border\"><\/div><\/div><\/div><br \/>\n\n<style type=\"text\/css\" data-created_by=\"avia_inline_auto\" id=\"style-css-av-4o2pw-ef8f1b6ef2c9bc7616c569ffa3bf492b\">\n#top .hr.av-4o2pw-ef8f1b6ef2c9bc7616c569ffa3bf492b{\nmargin-top:5px;\nmargin-bottom:5px;\n}\n.hr.av-4o2pw-ef8f1b6ef2c9bc7616c569ffa3bf492b .hr-inner{\nwidth:200px;\nborder-color:#0a0a0a;\n}\n<\/style>\n<div  class='hr av-4o2pw-ef8f1b6ef2c9bc7616c569ffa3bf492b hr-custom  avia-builder-el-8  el_after_av_heading  avia-builder-el-last  line-fat hr-left hr-icon-no'><span class='hr-inner inner-border-av-border-fat'><span class=\"hr-inner-style\"><\/span><\/span><\/div><\/p><\/div><div class='av-flex-placeholder'><\/div><div class='flex_column av-3my58-95be0f8f879d358c6fe3eb03df8dea0f av_one_third  avia-builder-el-9  el_after_av_one_third  el_before_av_one_third  flex_column_table_cell av-equal-height-column av-align-top '   ><section  class='av_textblock_section av-l027adhz-da568803b8f34f99698e68d4e65f5900'  itemscope=\"itemscope\" itemtype=\"https:\/\/schema.org\/CreativeWork\" ><div class='avia_textblock'  itemprop=\"text\" ><p>Lors de l&#8217;utilisation d&#8217;une protection individuelle contre les chutes, l&#8217;assurage est toujours individuel. Un syst\u00e8me de rail ou de c\u00e2ble en acier offre la plus grande libert\u00e9 de mouvement. Un \u00e9l\u00e9ment de liaison suit en effet la personne lorsqu&#8217;elle se d\u00e9place. Un point d&#8217;ancrage convient g\u00e9n\u00e9ralement mieux pour couvrir de petites surfaces, car la personne travaille toujours dans un m\u00eame rayon limit\u00e9 autour de ce point.<\/p>\n<\/div><\/section><\/div><div class='av-flex-placeholder'><\/div><div class='flex_column av-3k2ts-9e60318c41e237dfa865f1c02d324441 av_one_third  avia-builder-el-11  el_after_av_one_third  avia-builder-el-last  flex_column_table_cell av-equal-height-column av-align-top '   ><section  class='av_textblock_section av-l027ahgm-c29246d714ddaf1ba4a24f9367eb9ff6'  itemscope=\"itemscope\" itemtype=\"https:\/\/schema.org\/CreativeWork\" ><div class='avia_textblock'  itemprop=\"text\" ><p>Cofapro peut vous proposer diff\u00e9rentes solutions, toujours adapt\u00e9es \u00e0 vos besoins et \u00e0 votre situation en particulier. Nous pouvons proposer des solutions pour chaque type de construction, qu&#8217;elle soit neuve ou existante. Nous r\u00e9fl\u00e9chissons avec vous afin de trouver une solution s\u00fbre qui respecte votre budget. Vous voulez en savoir plus\u00a0? Nos sp\u00e9cialistes seront ravis de vous conseiller.<\/p>\n<\/div><\/section><\/div><\/div><!--close column table wrapper. Autoclose: 1 --><\/div><\/div><\/div><!-- close content main div --><\/div><\/div>\n<style type=\"text\/css\" data-created_by=\"avia_inline_auto\" id=\"style-css-av-av_section-331c948f53ddb9320da76ec63982a8c8\">\n.avia-section.av-av_section-331c948f53ddb9320da76ec63982a8c8{\nbackground-repeat:no-repeat;\nbackground-image:url(https:\/\/cofapro.be\/wp-content\/uploads\/2022\/02\/cofa-call-to-action.jpg);\nbackground-position:50% 50%;\nbackground-attachment:scroll;\n}\n.avia-section.av-av_section-331c948f53ddb9320da76ec63982a8c8 .av-section-color-overlay{\nopacity:0.2;\nbackground-color:#232323;\n}\n<\/style>\n<div id='av_section_3'  class='avia-section av-av_section-331c948f53ddb9320da76ec63982a8c8 main_color avia-section-huge avia-no-border-styling  avia-builder-el-13  el_after_av_section  avia-builder-el-last  avia-full-stretch avia-bg-style-scroll av-section-color-overlay-active container_wrap sidebar_right'  data-section-bg-repeat='stretch'><div class=\"av-section-color-overlay-wrap\"><div class=\"av-section-color-overlay\"><\/div><div class='container av-section-cont-open' ><div class='template-page content  av-content-small alpha units'><div class='post-entry post-entry-type-page post-entry-1116'><div class='entry-content-wrapper clearfix'>\n\n<style type=\"text\/css\" data-created_by=\"avia_inline_auto\" id=\"style-css-av-av_two_third-6d4b1015a376c192efe3743a7512fc0a\">\n.flex_column.av-av_two_third-6d4b1015a376c192efe3743a7512fc0a{\npadding:35px 35px 35px 35px;\nbackground-color:rgba(0,0,0,0.5);\n}\n<\/style>\n<div class='flex_column av-av_two_third-6d4b1015a376c192efe3743a7512fc0a av_two_third  avia-builder-el-14  avia-builder-el-no-sibling  first av-break-at-tablet flex_column_div '   ><p>\n<style type=\"text\/css\" data-created_by=\"avia_inline_auto\" id=\"style-css-av-av_heading-edc0fc8468f4b3479c40f1e22f4333b7\">\n#top .av-special-heading.av-av_heading-edc0fc8468f4b3479c40f1e22f4333b7{\npadding-bottom:20px;\ncolor:#ffffff;\nfont-size:30px;\n}\nbody .av-special-heading.av-av_heading-edc0fc8468f4b3479c40f1e22f4333b7 .av-special-heading-tag .heading-char{\nfont-size:25px;\n}\n#top #wrap_all .av-special-heading.av-av_heading-edc0fc8468f4b3479c40f1e22f4333b7 .av-special-heading-tag{\nfont-size:30px;\n}\n.av-special-heading.av-av_heading-edc0fc8468f4b3479c40f1e22f4333b7 .special-heading-inner-border{\nborder-color:#ffffff;\n}\n.av-special-heading.av-av_heading-edc0fc8468f4b3479c40f1e22f4333b7 .av-subheading{\nfont-size:15px;\n}\n<\/style>\n<div  class='av-special-heading av-av_heading-edc0fc8468f4b3479c40f1e22f4333b7 av-special-heading-h3 custom-color-heading blockquote modern-quote  avia-builder-el-15  el_before_av_button  avia-builder-el-first  av-inherit-size'><h3 class='av-special-heading-tag'  itemprop=\"headline\"  >Une vaste gamme de solutions de haute qualit\u00e9 est la base de notre solide service.<\/h3><div class=\"special-heading-border\"><div class=\"special-heading-inner-border\"><\/div><\/div><\/div><br \/>\n<div  class='avia-button-wrap avia-button-left  avia-builder-el-16  el_after_av_heading  avia-builder-el-last ' >\n<style type=\"text\/css\" data-created_by=\"avia_inline_auto\" id=\"style-css-av-av_button-613fbcedf3c86ff42466c7a572fa2459\">\n#top #wrap_all .avia-button.av-av_button-613fbcedf3c86ff42466c7a572fa2459{\nbackground-color:#6fb634;\nborder-color:#6fb634;\ncolor:#ffffff;\ntransition:all 0.4s ease-in-out;\n-webkit-transition:all 0.4s ease-in-out;\n-moz-transition:all 0.4s ease-in-out;\n-ms-transition:all 0.4s ease-in-out;\n-o-transition:all 0.4s ease-in-out;\n}\n<\/style>\n<a href='https:\/\/cofapro.be\/fr\/a-propos-de-nous\/'  class='avia-button av-av_button-613fbcedf3c86ff42466c7a572fa2459 avia-icon_select-no avia-size-large avia-position-left'  target=\"_blank\"  rel=\"noopener noreferrer\"><span class='avia_iconbox_title' >CONTACTEZ-NOUS<\/span><\/a><\/div><\/p><\/div>\n<\/div><\/div><\/div><!-- close content main div --><\/div><\/div><\/div><div id='after_section_3'  class='main_color av_default_container_wrap container_wrap sidebar_right'  ><div class='container av-section-cont-open' ><div class='template-page content  av-content-small alpha units'><div class='post-entry post-entry-type-page post-entry-1116'><div class='entry-content-wrapper clearfix'><\/p>\n","protected":false},"excerpt":{"rendered":"","protected":false},"author":1,"featured_media":0,"parent":1049,"menu_order":2,"comment_status":"closed","ping_status":"closed","template":"","meta":{"footnotes":""},"class_list":["post-1116","page","type-page","status-publish","hentry"],"_links":{"self":[{"href":"https:\/\/cofapro.be\/fr\/wp-json\/wp\/v2\/pages\/1116","targetHints":{"allow":["GET"]}}],"collection":[{"href":"https:\/\/cofapro.be\/fr\/wp-json\/wp\/v2\/pages"}],"about":[{"href":"https:\/\/cofapro.be\/fr\/wp-json\/wp\/v2\/types\/page"}],"author":[{"embeddable":true,"href":"https:\/\/cofapro.be\/fr\/wp-json\/wp\/v2\/users\/1"}],"replies":[{"embeddable":true,"href":"https:\/\/cofapro.be\/fr\/wp-json\/wp\/v2\/comments?post=1116"}],"version-history":[{"count":7,"href":"https:\/\/cofapro.be\/fr\/wp-json\/wp\/v2\/pages\/1116\/revisions"}],"predecessor-version":[{"id":1483,"href":"https:\/\/cofapro.be\/fr\/wp-json\/wp\/v2\/pages\/1116\/revisions\/1483"}],"up":[{"embeddable":true,"href":"https:\/\/cofapro.be\/fr\/wp-json\/wp\/v2\/pages\/1049"}],"wp:attachment":[{"href":"https:\/\/cofapro.be\/fr\/wp-json\/wp\/v2\/media?parent=1116"}],"curies":[{"name":"wp","href":"https:\/\/api.w.org\/{rel}","templated":true}]}}