{"id":1111,"date":"2022-02-01T13:50:48","date_gmt":"2022-02-01T13:50:48","guid":{"rendered":"https:\/\/cofapro.be\/protection-antichute\/veilige-toegang\/"},"modified":"2022-02-25T12:00:17","modified_gmt":"2022-02-25T12:00:17","slug":"acces-sur","status":"publish","type":"page","link":"https:\/\/cofapro.be\/fr\/protection-antichute\/acces-sur\/","title":{"rendered":"Acc\u00e8s s\u00fbr"},"content":{"rendered":"<div id='av_section_1'  class='avia-section av-eli5p-475d0e1fffbd880fdbeaa5589300eaf6 main_color avia-section-default avia-no-border-styling  avia-builder-el-0  el_before_av_layout_row  avia-builder-el-first  avia-bg-style-scroll container_wrap sidebar_right'  ><div class='container av-section-cont-open' ><main  role=\"main\" itemprop=\"mainContentOfPage\"  class='template-page content  av-content-small alpha units'><div class='post-entry post-entry-type-page post-entry-1111'><div class='entry-content-wrapper clearfix'>\n\n<style type=\"text\/css\" data-created_by=\"avia_inline_auto\" id=\"style-css-av-l027ckq5-112f947d86d5e6664fee7228c28db42c\">\n#top .av-special-heading.av-l027ckq5-112f947d86d5e6664fee7228c28db42c{\npadding-bottom:10px;\nfont-size:60px;\n}\nbody .av-special-heading.av-l027ckq5-112f947d86d5e6664fee7228c28db42c .av-special-heading-tag .heading-char{\nfont-size:25px;\n}\n#top #wrap_all .av-special-heading.av-l027ckq5-112f947d86d5e6664fee7228c28db42c .av-special-heading-tag{\nfont-size:60px;\n}\n.av-special-heading.av-l027ckq5-112f947d86d5e6664fee7228c28db42c .av-subheading{\nfont-size:15px;\n}\n<\/style>\n<div  class='av-special-heading av-l027ckq5-112f947d86d5e6664fee7228c28db42c av-special-heading-h1 blockquote modern-quote  avia-builder-el-1  avia-builder-el-no-sibling  av-inherit-size'><h1 class='av-special-heading-tag'  itemprop=\"headline\"  ><span class=\"green\">Acc\u00e8s s\u00fbr <\/span><\/h1><div class=\"special-heading-border\"><div class=\"special-heading-inner-border\"><\/div><\/div><\/div>\n<\/div><\/div><\/main><!-- close content main element --><\/div><\/div><div id='av-layout-grid-1'  class='av-layout-grid-container av-e4b95-e237f4a3d5b3b54ce75fbff5841f36d2 entry-content-wrapper main_color av-flex-cells  avia-builder-el-2  el_after_av_section  el_before_av_section  grid-row-not-first  container_wrap sidebar_right'  >\n\n<style type=\"text\/css\" data-created_by=\"avia_inline_auto\" id=\"style-css-av-ddwsh-d4f0b687b113249971a395e047017d40\">\n.flex_cell.av-ddwsh-d4f0b687b113249971a395e047017d40{\nvertical-align:top;\npadding:0px 0px 0px 0px;\n}\n<\/style>\n<div class='flex_cell av_one_full av-ddwsh-d4f0b687b113249971a395e047017d40 no_margin  avia-builder-el-3  avia-builder-el-no-sibling  av-zero-padding' ><div class='flex_cell_inner'><div  class='avia-slideshow av-l027exp7-c352ba211bbe1b0d9e84b53a5abecad6 av-control-minimal avia-slideshow-extra_large av_slideshow avia-slide-slider  avia-builder-el-4  avia-builder-el-no-sibling  av-default-height-applied avia-slideshow-1'  data-size='extra_large'  data-lightbox_size='large'  data-animation='slide'  data-conditional_play=''  data-ids='392,362,395,389,386,383,380,377,374,371,368,365'  data-video_counter='0'  data-autoplay='false'  data-bg_slider='false'  data-slide_height=''  data-handle='av_slideshow'  data-interval='5'  data-class=' avia-builder-el-4  avia-builder-el-no-sibling '  data-extra_class=''  data-el_id=''  data-css_id=''  data-scroll_down=''  data-control_layout='av-control-minimal'  data-custom_markup=''  data-perma_caption=''  data-autoplay_stopper=''  data-image_attachment=''  data-min_height='0px'  data-lazy_loading='disabled'  data-default-height='53.333333333333'  data-img_scrset=''  data-av-desktop-hide=''  data-av-medium-hide=''  data-av-small-hide=''  data-av-mini-hide=''  data-alb_description=''  data-id=''  data-custom_class=''  data-template_class=''  data-av_uid='av-l027exp7'  data-sc_version='1.0'  data-heading_tag=''  data-heading_class=''   itemprop=\"image\" itemscope=\"itemscope\" itemtype=\"https:\/\/schema.org\/ImageObject\" ><ul class='avia-slideshow-inner ' style='padding-bottom: 53.333333333333%;'><li  class='avia-slideshow-slide av-l027exp7-c352ba211bbe1b0d9e84b53a5abecad6__0  slide-1 ' ><div data-rel='slideshow-1' class='avia-slide-wrap '   ><img decoding=\"async\" class=\"wp-image-394 avia-img-lazy-loading-not-394\"  src=\"https:\/\/cofapro.be\/wp-content\/uploads\/2022\/02\/IMG_6607.jpg\" width=\"1500\" height=\"800\" title='IMG_6607' alt='IMG'  itemprop=\"thumbnailUrl\" srcset=\"https:\/\/cofapro.be\/wp-content\/uploads\/2022\/02\/IMG_6607.jpg 1500w, https:\/\/cofapro.be\/wp-content\/uploads\/2022\/02\/IMG_6607-300x160.jpg 300w, https:\/\/cofapro.be\/wp-content\/uploads\/2022\/02\/IMG_6607-1030x549.jpg 1030w, https:\/\/cofapro.be\/wp-content\/uploads\/2022\/02\/IMG_6607-768x410.jpg 768w, https:\/\/cofapro.be\/wp-content\/uploads\/2022\/02\/IMG_6607-705x376.jpg 705w\" sizes=\"(max-width: 1500px) 100vw, 1500px\" \/><\/div><\/li><li  class='avia-slideshow-slide av-l027exp7-c352ba211bbe1b0d9e84b53a5abecad6__1  slide-2 ' ><div data-rel='slideshow-1' class='avia-slide-wrap '   ><img decoding=\"async\" class=\"wp-image-364 avia-img-lazy-loading-not-364\"  src=\"https:\/\/cofapro.be\/wp-content\/uploads\/2022\/02\/IMG_6608.jpg\" width=\"1500\" height=\"800\" title='IMG_6608' alt='IMG'  itemprop=\"thumbnailUrl\" srcset=\"https:\/\/cofapro.be\/wp-content\/uploads\/2022\/02\/IMG_6608.jpg 1500w, https:\/\/cofapro.be\/wp-content\/uploads\/2022\/02\/IMG_6608-300x160.jpg 300w, https:\/\/cofapro.be\/wp-content\/uploads\/2022\/02\/IMG_6608-1030x549.jpg 1030w, https:\/\/cofapro.be\/wp-content\/uploads\/2022\/02\/IMG_6608-768x410.jpg 768w, https:\/\/cofapro.be\/wp-content\/uploads\/2022\/02\/IMG_6608-705x376.jpg 705w\" sizes=\"(max-width: 1500px) 100vw, 1500px\" \/><\/div><\/li><li  class='avia-slideshow-slide av-l027exp7-c352ba211bbe1b0d9e84b53a5abecad6__2  slide-3 ' ><div data-rel='slideshow-1' class='avia-slide-wrap '   ><img decoding=\"async\" class=\"wp-image-397 avia-img-lazy-loading-not-397\"  src=\"https:\/\/cofapro.be\/wp-content\/uploads\/2022\/02\/DBL_4879-cor.jpg\" width=\"1500\" height=\"800\" title='DBL_4879-cor' alt='DBL  cor'  itemprop=\"thumbnailUrl\" srcset=\"https:\/\/cofapro.be\/wp-content\/uploads\/2022\/02\/DBL_4879-cor.jpg 1500w, https:\/\/cofapro.be\/wp-content\/uploads\/2022\/02\/DBL_4879-cor-300x160.jpg 300w, https:\/\/cofapro.be\/wp-content\/uploads\/2022\/02\/DBL_4879-cor-1030x549.jpg 1030w, https:\/\/cofapro.be\/wp-content\/uploads\/2022\/02\/DBL_4879-cor-768x410.jpg 768w, https:\/\/cofapro.be\/wp-content\/uploads\/2022\/02\/DBL_4879-cor-705x376.jpg 705w\" sizes=\"(max-width: 1500px) 100vw, 1500px\" \/><\/div><\/li><li  class='avia-slideshow-slide av-l027exp7-c352ba211bbe1b0d9e84b53a5abecad6__3  slide-4 ' ><div data-rel='slideshow-1' class='avia-slide-wrap '   ><img decoding=\"async\" class=\"wp-image-391 avia-img-lazy-loading-not-391\"  src=\"https:\/\/cofapro.be\/wp-content\/uploads\/2022\/02\/ladder-e1637859930551.jpg\" width=\"1500\" height=\"678\" title='ladder-e1637859930551' alt='ladder e'  itemprop=\"thumbnailUrl\" srcset=\"https:\/\/cofapro.be\/wp-content\/uploads\/2022\/02\/ladder-e1637859930551.jpg 1500w, https:\/\/cofapro.be\/wp-content\/uploads\/2022\/02\/ladder-e1637859930551-300x136.jpg 300w, https:\/\/cofapro.be\/wp-content\/uploads\/2022\/02\/ladder-e1637859930551-1030x466.jpg 1030w, https:\/\/cofapro.be\/wp-content\/uploads\/2022\/02\/ladder-e1637859930551-768x347.jpg 768w, https:\/\/cofapro.be\/wp-content\/uploads\/2022\/02\/ladder-e1637859930551-705x319.jpg 705w\" sizes=\"(max-width: 1500px) 100vw, 1500px\" \/><\/div><\/li><li  class='avia-slideshow-slide av-l027exp7-c352ba211bbe1b0d9e84b53a5abecad6__4  slide-5 ' ><div data-rel='slideshow-1' class='avia-slide-wrap '   ><img decoding=\"async\" class=\"wp-image-388 avia-img-lazy-loading-not-388\"  src=\"https:\/\/cofapro.be\/wp-content\/uploads\/2022\/02\/IMG_9393.jpg\" width=\"1500\" height=\"800\" title='IMG_9393' alt='IMG'  itemprop=\"thumbnailUrl\" srcset=\"https:\/\/cofapro.be\/wp-content\/uploads\/2022\/02\/IMG_9393.jpg 1500w, https:\/\/cofapro.be\/wp-content\/uploads\/2022\/02\/IMG_9393-300x160.jpg 300w, https:\/\/cofapro.be\/wp-content\/uploads\/2022\/02\/IMG_9393-1030x549.jpg 1030w, https:\/\/cofapro.be\/wp-content\/uploads\/2022\/02\/IMG_9393-768x410.jpg 768w, https:\/\/cofapro.be\/wp-content\/uploads\/2022\/02\/IMG_9393-705x376.jpg 705w\" sizes=\"(max-width: 1500px) 100vw, 1500px\" \/><\/div><\/li><li  class='avia-slideshow-slide av-l027exp7-c352ba211bbe1b0d9e84b53a5abecad6__5  slide-6 ' ><div data-rel='slideshow-1' class='avia-slide-wrap '   ><img decoding=\"async\" class=\"wp-image-385 avia-img-lazy-loading-not-385\"  src=\"https:\/\/cofapro.be\/wp-content\/uploads\/2022\/02\/daktrap-e1637915085581-1500x679.jpg\" width=\"1500\" height=\"679\" title='daktrap-e1637915085581' alt='daktrap e scaled'  itemprop=\"thumbnailUrl\" srcset=\"https:\/\/cofapro.be\/wp-content\/uploads\/2022\/02\/daktrap-e1637915085581-1500x679.jpg 1500w, https:\/\/cofapro.be\/wp-content\/uploads\/2022\/02\/daktrap-e1637915085581-300x136.jpg 300w, https:\/\/cofapro.be\/wp-content\/uploads\/2022\/02\/daktrap-e1637915085581-1030x466.jpg 1030w, https:\/\/cofapro.be\/wp-content\/uploads\/2022\/02\/daktrap-e1637915085581-768x347.jpg 768w, https:\/\/cofapro.be\/wp-content\/uploads\/2022\/02\/daktrap-e1637915085581-1536x695.jpg 1536w, https:\/\/cofapro.be\/wp-content\/uploads\/2022\/02\/daktrap-e1637915085581-2048x926.jpg 2048w, https:\/\/cofapro.be\/wp-content\/uploads\/2022\/02\/daktrap-e1637915085581-705x319.jpg 705w\" sizes=\"(max-width: 1500px) 100vw, 1500px\" \/><\/div><\/li><li  class='avia-slideshow-slide av-l027exp7-c352ba211bbe1b0d9e84b53a5abecad6__6  slide-7 ' ><div data-rel='slideshow-1' class='avia-slide-wrap '   ><img decoding=\"async\" class=\"wp-image-382 avia-img-lazy-loading-not-382\"  src=\"https:\/\/cofapro.be\/wp-content\/uploads\/2022\/02\/IMG_6612.jpg\" width=\"1500\" height=\"800\" title='IMG_6612' alt='IMG'  itemprop=\"thumbnailUrl\" srcset=\"https:\/\/cofapro.be\/wp-content\/uploads\/2022\/02\/IMG_6612.jpg 1500w, https:\/\/cofapro.be\/wp-content\/uploads\/2022\/02\/IMG_6612-300x160.jpg 300w, https:\/\/cofapro.be\/wp-content\/uploads\/2022\/02\/IMG_6612-1030x549.jpg 1030w, https:\/\/cofapro.be\/wp-content\/uploads\/2022\/02\/IMG_6612-768x410.jpg 768w, https:\/\/cofapro.be\/wp-content\/uploads\/2022\/02\/IMG_6612-705x376.jpg 705w\" sizes=\"(max-width: 1500px) 100vw, 1500px\" \/><\/div><\/li><li  class='avia-slideshow-slide av-l027exp7-c352ba211bbe1b0d9e84b53a5abecad6__7  slide-8 ' ><div data-rel='slideshow-1' class='avia-slide-wrap '   ><img decoding=\"async\" class=\"wp-image-379 avia-img-lazy-loading-not-379\"  src=\"https:\/\/cofapro.be\/wp-content\/uploads\/2022\/02\/IMG_3170.jpg\" width=\"1500\" height=\"800\" title='IMG_3170' alt='IMG'  itemprop=\"thumbnailUrl\" srcset=\"https:\/\/cofapro.be\/wp-content\/uploads\/2022\/02\/IMG_3170.jpg 1500w, https:\/\/cofapro.be\/wp-content\/uploads\/2022\/02\/IMG_3170-300x160.jpg 300w, https:\/\/cofapro.be\/wp-content\/uploads\/2022\/02\/IMG_3170-1030x549.jpg 1030w, https:\/\/cofapro.be\/wp-content\/uploads\/2022\/02\/IMG_3170-768x410.jpg 768w, https:\/\/cofapro.be\/wp-content\/uploads\/2022\/02\/IMG_3170-705x376.jpg 705w\" sizes=\"(max-width: 1500px) 100vw, 1500px\" \/><\/div><\/li><li  class='avia-slideshow-slide av-l027exp7-c352ba211bbe1b0d9e84b53a5abecad6__8  slide-9 ' ><div data-rel='slideshow-1' class='avia-slide-wrap '   ><img decoding=\"async\" class=\"wp-image-376 avia-img-lazy-loading-not-376\"  src=\"https:\/\/cofapro.be\/wp-content\/uploads\/2022\/02\/IMG_4833.jpg\" width=\"1500\" height=\"800\" title='IMG_4833' alt='IMG'  itemprop=\"thumbnailUrl\" srcset=\"https:\/\/cofapro.be\/wp-content\/uploads\/2022\/02\/IMG_4833.jpg 1500w, https:\/\/cofapro.be\/wp-content\/uploads\/2022\/02\/IMG_4833-300x160.jpg 300w, https:\/\/cofapro.be\/wp-content\/uploads\/2022\/02\/IMG_4833-1030x549.jpg 1030w, https:\/\/cofapro.be\/wp-content\/uploads\/2022\/02\/IMG_4833-768x410.jpg 768w, https:\/\/cofapro.be\/wp-content\/uploads\/2022\/02\/IMG_4833-705x376.jpg 705w\" sizes=\"(max-width: 1500px) 100vw, 1500px\" \/><\/div><\/li><li  class='avia-slideshow-slide av-l027exp7-c352ba211bbe1b0d9e84b53a5abecad6__9  slide-10 ' ><div data-rel='slideshow-1' class='avia-slide-wrap '   ><img decoding=\"async\" class=\"wp-image-373 avia-img-lazy-loading-not-373\"  src=\"https:\/\/cofapro.be\/wp-content\/uploads\/2022\/02\/IMG_3169.jpg\" width=\"1500\" height=\"801\" title='IMG_3169' alt='IMG'  itemprop=\"thumbnailUrl\" srcset=\"https:\/\/cofapro.be\/wp-content\/uploads\/2022\/02\/IMG_3169.jpg 1500w, https:\/\/cofapro.be\/wp-content\/uploads\/2022\/02\/IMG_3169-300x160.jpg 300w, https:\/\/cofapro.be\/wp-content\/uploads\/2022\/02\/IMG_3169-1030x550.jpg 1030w, https:\/\/cofapro.be\/wp-content\/uploads\/2022\/02\/IMG_3169-768x410.jpg 768w, https:\/\/cofapro.be\/wp-content\/uploads\/2022\/02\/IMG_3169-705x376.jpg 705w\" sizes=\"(max-width: 1500px) 100vw, 1500px\" \/><\/div><\/li><li  class='avia-slideshow-slide av-l027exp7-c352ba211bbe1b0d9e84b53a5abecad6__10  slide-11 ' ><div data-rel='slideshow-1' class='avia-slide-wrap '   ><img decoding=\"async\" class=\"wp-image-370 avia-img-lazy-loading-not-370\"  src=\"https:\/\/cofapro.be\/wp-content\/uploads\/2022\/02\/DBS_1529.cor_.jpg\" width=\"1500\" height=\"800\" title='DBS_1529.cor_' alt='DBS'  itemprop=\"thumbnailUrl\" srcset=\"https:\/\/cofapro.be\/wp-content\/uploads\/2022\/02\/DBS_1529.cor_.jpg 1500w, https:\/\/cofapro.be\/wp-content\/uploads\/2022\/02\/DBS_1529.cor_-300x160.jpg 300w, https:\/\/cofapro.be\/wp-content\/uploads\/2022\/02\/DBS_1529.cor_-1030x549.jpg 1030w, https:\/\/cofapro.be\/wp-content\/uploads\/2022\/02\/DBS_1529.cor_-768x410.jpg 768w, https:\/\/cofapro.be\/wp-content\/uploads\/2022\/02\/DBS_1529.cor_-705x376.jpg 705w\" sizes=\"(max-width: 1500px) 100vw, 1500px\" \/><\/div><\/li><li  class='avia-slideshow-slide av-l027exp7-c352ba211bbe1b0d9e84b53a5abecad6__11  slide-12 ' ><div data-rel='slideshow-1' class='avia-slide-wrap '   ><img decoding=\"async\" class=\"wp-image-367 avia-img-lazy-loading-not-367\"  src=\"https:\/\/cofapro.be\/wp-content\/uploads\/2022\/02\/IMG_6606.jpg\" width=\"1500\" height=\"800\" title='IMG_6606' alt='IMG'  itemprop=\"thumbnailUrl\" srcset=\"https:\/\/cofapro.be\/wp-content\/uploads\/2022\/02\/IMG_6606.jpg 1500w, https:\/\/cofapro.be\/wp-content\/uploads\/2022\/02\/IMG_6606-300x160.jpg 300w, https:\/\/cofapro.be\/wp-content\/uploads\/2022\/02\/IMG_6606-1030x549.jpg 1030w, https:\/\/cofapro.be\/wp-content\/uploads\/2022\/02\/IMG_6606-768x410.jpg 768w, https:\/\/cofapro.be\/wp-content\/uploads\/2022\/02\/IMG_6606-705x376.jpg 705w\" sizes=\"(max-width: 1500px) 100vw, 1500px\" \/><\/div><\/li><\/ul><div class='avia-slideshow-arrows avia-slideshow-controls' ><a href='#prev' class='prev-slide ' aria-hidden='true' data-av_icon='\ue87c' data-av_iconfont='entypo-fontello'  tabindex='-1'>Pr\u00e9c\u00e9dent<\/a><a href='#next' class='next-slide ' aria-hidden='true' data-av_icon='\ue87d' data-av_iconfont='entypo-fontello'  tabindex='-1'>Suivant<\/a><\/div><div class='avia-slideshow-dots avia-slideshow-controls'><a href='#1' class='goto-slide active' >1<\/a><a href='#2' class='goto-slide ' >2<\/a><a href='#3' class='goto-slide ' >3<\/a><a href='#4' class='goto-slide ' >4<\/a><a href='#5' class='goto-slide ' >5<\/a><a href='#6' class='goto-slide ' >6<\/a><a href='#7' class='goto-slide ' >7<\/a><a href='#8' class='goto-slide ' >8<\/a><a href='#9' class='goto-slide ' >9<\/a><a href='#10' class='goto-slide ' >10<\/a><a href='#11' class='goto-slide ' >11<\/a><a href='#12' class='goto-slide ' >12<\/a><\/div><\/div>\n<\/div><\/div>\n<\/div><\/p>\n<div id='av_section_2'  class='avia-section av-5pl3t-e5efb22f81d9db2d1997c2973e183c79 main_color avia-section-huge avia-no-border-styling  avia-builder-el-5  el_after_av_layout_row  el_before_av_section  avia-bg-style-scroll container_wrap sidebar_right'  ><div class='container av-section-cont-open' ><div class='template-page content  av-content-small alpha units'><div class='post-entry post-entry-type-page post-entry-1111'><div class='entry-content-wrapper clearfix'>\n<div class='flex_column_table av-4wypd-8d4753cd23b7a27b2bacf12d5b31960b sc-av_one_third av-equal-height-column-flextable'>\n<style type=\"text\/css\" data-created_by=\"avia_inline_auto\" id=\"style-css-av-4wypd-8d4753cd23b7a27b2bacf12d5b31960b\">\n.flex_column.av-4wypd-8d4753cd23b7a27b2bacf12d5b31960b{\npadding:15px 15px 15px 15px;\n}\n<\/style>\n<div class='flex_column av-4wypd-8d4753cd23b7a27b2bacf12d5b31960b av_one_third  avia-builder-el-6  el_before_av_one_third  avia-builder-el-first  first flex_column_table_cell av-equal-height-column av-align-top '   ><p>\n<style type=\"text\/css\" data-created_by=\"avia_inline_auto\" id=\"style-css-av-l027d5z5-ecefb7188b7b912081fe5855c644edf4\">\n#top .av-special-heading.av-l027d5z5-ecefb7188b7b912081fe5855c644edf4{\npadding-bottom:10px;\ncolor:#6fb634;\nfont-size:35px;\n}\nbody .av-special-heading.av-l027d5z5-ecefb7188b7b912081fe5855c644edf4 .av-special-heading-tag .heading-char{\nfont-size:25px;\n}\n#top #wrap_all .av-special-heading.av-l027d5z5-ecefb7188b7b912081fe5855c644edf4 .av-special-heading-tag{\nfont-size:35px;\n}\n.av-special-heading.av-l027d5z5-ecefb7188b7b912081fe5855c644edf4 .special-heading-inner-border{\nborder-color:#6fb634;\n}\n.av-special-heading.av-l027d5z5-ecefb7188b7b912081fe5855c644edf4 .av-subheading{\nfont-size:15px;\n}\n<\/style>\n<div  class='av-special-heading av-l027d5z5-ecefb7188b7b912081fe5855c644edf4 av-special-heading-h2 custom-color-heading blockquote modern-quote  avia-builder-el-7  el_before_av_hr  avia-builder-el-first  av-inherit-size'><h2 class='av-special-heading-tag'  itemprop=\"headline\"  >ACC\u00c8S S\u00dbR<br \/>\nEN HAUTEUR<\/h2><div class=\"special-heading-border\"><div class=\"special-heading-inner-border\"><\/div><\/div><\/div><br \/>\n\n<style type=\"text\/css\" data-created_by=\"avia_inline_auto\" id=\"style-css-av-4dxip-7beb19087c02057e8a66e375ad7bb8e0\">\n#top .hr.av-4dxip-7beb19087c02057e8a66e375ad7bb8e0{\nmargin-top:5px;\nmargin-bottom:5px;\n}\n.hr.av-4dxip-7beb19087c02057e8a66e375ad7bb8e0 .hr-inner{\nwidth:200px;\nborder-color:#0a0a0a;\n}\n<\/style>\n<div  class='hr av-4dxip-7beb19087c02057e8a66e375ad7bb8e0 hr-custom  avia-builder-el-8  el_after_av_heading  avia-builder-el-last  line-fat hr-left hr-icon-no'><span class='hr-inner inner-border-av-border-fat'><span class=\"hr-inner-style\"><\/span><\/span><\/div><\/p><\/div><div class='av-flex-placeholder'><\/div><div class='flex_column av-3z4sx-af19209e100c0f0d55b0435502c704af av_one_third  avia-builder-el-9  el_after_av_one_third  el_before_av_one_third  flex_column_table_cell av-equal-height-column av-align-top '   ><section  class='av_textblock_section av-l027dgyr-85781f0210faed2b3d7e11cd35358006'  itemscope=\"itemscope\" itemtype=\"https:\/\/schema.org\/CreativeWork\" ><div class='avia_textblock'  itemprop=\"text\" ><p>Pour pouvoir travailler en toute s\u00e9curit\u00e9 en hauteur, il faut aussi pouvoir atteindre l&#8217;endroit voulu de mani\u00e8re s\u00fbre. Pour cela, Cofapro fournit et pose des \u00e9chelles de fa\u00e7ade et \u00e0 crinoline de qualit\u00e9. Toutes sur mesure et en aluminium. Nos \u00e9chelles sont ainsi non seulement l\u00e9g\u00e8res, mais elles sont aussi extr\u00eamement r\u00e9sistantes aux intemp\u00e9ries. Nous travaillons \u00e0 partir de notre vaste stock et offrons ainsi le d\u00e9lai de livraison le plus court du march\u00e9. Dans les cas urgents, une \u00e9chelle peut \u00eatre pos\u00e9e le jour m\u00eame de sa commande, si n\u00e9cessaire.<\/p>\n<\/div><\/section><\/div><div class='av-flex-placeholder'><\/div><div class='flex_column av-3emop-792818db1083f6eab0b59d0ef2a5513f av_one_third  avia-builder-el-11  el_after_av_one_third  avia-builder-el-last  flex_column_table_cell av-equal-height-column av-align-top '   ><section  class='av_textblock_section av-l027dixc-2053428e812dff356297ebd478397552'  itemscope=\"itemscope\" itemtype=\"https:\/\/schema.org\/CreativeWork\" ><div class='avia_textblock'  itemprop=\"text\" ><p>Nos propres techniciens r\u00e9alisent toujours une installation impeccable et toutes nos \u00e9chelles satisfont aux normes les plus strictes. Cofapro peut \u00e9galement proposer des passerelles sur mesure afin de franchir des obstacles.<\/p>\n<\/div><\/section><\/div><\/div><!--close column table wrapper. Autoclose: 1 --><\/div><\/div><\/div><!-- close content main div --><\/div><\/div>\n<style type=\"text\/css\" data-created_by=\"avia_inline_auto\" id=\"style-css-av-av_section-331c948f53ddb9320da76ec63982a8c8\">\n.avia-section.av-av_section-331c948f53ddb9320da76ec63982a8c8{\nbackground-repeat:no-repeat;\nbackground-image:url(https:\/\/cofapro.be\/wp-content\/uploads\/2022\/02\/cofa-call-to-action.jpg);\nbackground-position:50% 50%;\nbackground-attachment:scroll;\n}\n.avia-section.av-av_section-331c948f53ddb9320da76ec63982a8c8 .av-section-color-overlay{\nopacity:0.2;\nbackground-color:#232323;\n}\n<\/style>\n<div id='av_section_3'  class='avia-section av-av_section-331c948f53ddb9320da76ec63982a8c8 main_color avia-section-huge avia-no-border-styling  avia-builder-el-13  el_after_av_section  avia-builder-el-last  avia-full-stretch avia-bg-style-scroll av-section-color-overlay-active container_wrap sidebar_right'  data-section-bg-repeat='stretch'><div class=\"av-section-color-overlay-wrap\"><div class=\"av-section-color-overlay\"><\/div><div class='container av-section-cont-open' ><div class='template-page content  av-content-small alpha units'><div class='post-entry post-entry-type-page post-entry-1111'><div class='entry-content-wrapper clearfix'>\n\n<style type=\"text\/css\" data-created_by=\"avia_inline_auto\" id=\"style-css-av-av_two_third-6d4b1015a376c192efe3743a7512fc0a\">\n.flex_column.av-av_two_third-6d4b1015a376c192efe3743a7512fc0a{\npadding:35px 35px 35px 35px;\nbackground-color:rgba(0,0,0,0.5);\n}\n<\/style>\n<div class='flex_column av-av_two_third-6d4b1015a376c192efe3743a7512fc0a av_two_third  avia-builder-el-14  avia-builder-el-no-sibling  first av-break-at-tablet flex_column_div '   ><p>\n<style type=\"text\/css\" data-created_by=\"avia_inline_auto\" id=\"style-css-av-av_heading-edc0fc8468f4b3479c40f1e22f4333b7\">\n#top .av-special-heading.av-av_heading-edc0fc8468f4b3479c40f1e22f4333b7{\npadding-bottom:20px;\ncolor:#ffffff;\nfont-size:30px;\n}\nbody .av-special-heading.av-av_heading-edc0fc8468f4b3479c40f1e22f4333b7 .av-special-heading-tag .heading-char{\nfont-size:25px;\n}\n#top #wrap_all .av-special-heading.av-av_heading-edc0fc8468f4b3479c40f1e22f4333b7 .av-special-heading-tag{\nfont-size:30px;\n}\n.av-special-heading.av-av_heading-edc0fc8468f4b3479c40f1e22f4333b7 .special-heading-inner-border{\nborder-color:#ffffff;\n}\n.av-special-heading.av-av_heading-edc0fc8468f4b3479c40f1e22f4333b7 .av-subheading{\nfont-size:15px;\n}\n<\/style>\n<div  class='av-special-heading av-av_heading-edc0fc8468f4b3479c40f1e22f4333b7 av-special-heading-h3 custom-color-heading blockquote modern-quote  avia-builder-el-15  el_before_av_button  avia-builder-el-first  av-inherit-size'><h3 class='av-special-heading-tag'  itemprop=\"headline\"  >Une vaste gamme de solutions de haute qualit\u00e9 est la base de notre solide service.<\/h3><div class=\"special-heading-border\"><div class=\"special-heading-inner-border\"><\/div><\/div><\/div><br \/>\n<div  class='avia-button-wrap avia-button-left  avia-builder-el-16  el_after_av_heading  avia-builder-el-last ' >\n<style type=\"text\/css\" data-created_by=\"avia_inline_auto\" id=\"style-css-av-av_button-613fbcedf3c86ff42466c7a572fa2459\">\n#top #wrap_all .avia-button.av-av_button-613fbcedf3c86ff42466c7a572fa2459{\nbackground-color:#6fb634;\nborder-color:#6fb634;\ncolor:#ffffff;\ntransition:all 0.4s ease-in-out;\n-webkit-transition:all 0.4s ease-in-out;\n-moz-transition:all 0.4s ease-in-out;\n-ms-transition:all 0.4s ease-in-out;\n-o-transition:all 0.4s ease-in-out;\n}\n<\/style>\n<a href='https:\/\/cofapro.be\/fr\/a-propos-de-nous\/'  class='avia-button av-av_button-613fbcedf3c86ff42466c7a572fa2459 avia-icon_select-no avia-size-large avia-position-left'  target=\"_blank\"  rel=\"noopener noreferrer\"><span class='avia_iconbox_title' >CONTACTEZ-NOUS<\/span><\/a><\/div><\/p><\/div>\n<\/div><\/div><\/div><!-- close content main div --><\/div><\/div><\/div><div id='after_section_3'  class='main_color av_default_container_wrap container_wrap sidebar_right'  ><div class='container av-section-cont-open' ><div class='template-page content  av-content-small alpha units'><div class='post-entry post-entry-type-page post-entry-1111'><div class='entry-content-wrapper clearfix'><\/p>\n","protected":false},"excerpt":{"rendered":"","protected":false},"author":1,"featured_media":0,"parent":1049,"menu_order":3,"comment_status":"closed","ping_status":"closed","template":"","meta":{"footnotes":""},"class_list":["post-1111","page","type-page","status-publish","hentry"],"_links":{"self":[{"href":"https:\/\/cofapro.be\/fr\/wp-json\/wp\/v2\/pages\/1111","targetHints":{"allow":["GET"]}}],"collection":[{"href":"https:\/\/cofapro.be\/fr\/wp-json\/wp\/v2\/pages"}],"about":[{"href":"https:\/\/cofapro.be\/fr\/wp-json\/wp\/v2\/types\/page"}],"author":[{"embeddable":true,"href":"https:\/\/cofapro.be\/fr\/wp-json\/wp\/v2\/users\/1"}],"replies":[{"embeddable":true,"href":"https:\/\/cofapro.be\/fr\/wp-json\/wp\/v2\/comments?post=1111"}],"version-history":[{"count":5,"href":"https:\/\/cofapro.be\/fr\/wp-json\/wp\/v2\/pages\/1111\/revisions"}],"predecessor-version":[{"id":1397,"href":"https:\/\/cofapro.be\/fr\/wp-json\/wp\/v2\/pages\/1111\/revisions\/1397"}],"up":[{"embeddable":true,"href":"https:\/\/cofapro.be\/fr\/wp-json\/wp\/v2\/pages\/1049"}],"wp:attachment":[{"href":"https:\/\/cofapro.be\/fr\/wp-json\/wp\/v2\/media?parent=1111"}],"curies":[{"name":"wp","href":"https:\/\/api.w.org\/{rel}","templated":true}]}}