{"id":1106,"date":"2022-02-01T13:50:55","date_gmt":"2022-02-01T13:50:55","guid":{"rendered":"https:\/\/cofapro.be\/protection-antichute\/onderhoud-en-inspectie\/"},"modified":"2022-02-25T12:01:33","modified_gmt":"2022-02-25T12:01:33","slug":"entretien-et-inspection","status":"publish","type":"page","link":"https:\/\/cofapro.be\/fr\/protection-antichute\/entretien-et-inspection\/","title":{"rendered":"Entretien et inspection"},"content":{"rendered":"<div id='av_section_1'  class='avia-section av-teii-62d616ff5b76f7e390369ffb673836c1 main_color avia-section-default avia-no-border-styling  avia-builder-el-0  el_before_av_layout_row  avia-builder-el-first  avia-bg-style-scroll container_wrap sidebar_right'  ><div class='container av-section-cont-open' ><main  role=\"main\" itemprop=\"mainContentOfPage\"  class='template-page content  av-content-small alpha units'><div class='post-entry post-entry-type-page post-entry-1106'><div class='entry-content-wrapper clearfix'>\n\n<style type=\"text\/css\" data-created_by=\"avia_inline_auto\" id=\"style-css-av-l027gwg1-98ab3dcae4c7bf6fecc63c0f03aae2fd\">\n#top .av-special-heading.av-l027gwg1-98ab3dcae4c7bf6fecc63c0f03aae2fd{\npadding-bottom:10px;\nfont-size:60px;\n}\nbody .av-special-heading.av-l027gwg1-98ab3dcae4c7bf6fecc63c0f03aae2fd .av-special-heading-tag .heading-char{\nfont-size:25px;\n}\n#top #wrap_all .av-special-heading.av-l027gwg1-98ab3dcae4c7bf6fecc63c0f03aae2fd .av-special-heading-tag{\nfont-size:60px;\n}\n.av-special-heading.av-l027gwg1-98ab3dcae4c7bf6fecc63c0f03aae2fd .av-subheading{\nfont-size:15px;\n}\n<\/style>\n<div  class='av-special-heading av-l027gwg1-98ab3dcae4c7bf6fecc63c0f03aae2fd av-special-heading-h1 blockquote modern-quote  avia-builder-el-1  avia-builder-el-no-sibling  av-inherit-size'><h1 class='av-special-heading-tag'  itemprop=\"headline\"  ><span class=\"green\">Entretien<\/span><br \/>\net inspection<\/h1><div class=\"special-heading-border\"><div class=\"special-heading-inner-border\"><\/div><\/div><\/div>\n<\/div><\/div><\/main><!-- close content main element --><\/div><\/div><div id='av-layout-grid-1'  class='av-layout-grid-container av-7odve-3bfc5cd2afe94d3e03f669c9da4f2a70 entry-content-wrapper main_color av-flex-cells  avia-builder-el-2  el_after_av_section  el_before_av_section  grid-row-not-first  container_wrap sidebar_right'  >\n\n<style type=\"text\/css\" data-created_by=\"avia_inline_auto\" id=\"style-css-av-6ny2e-c0b479fdf5a6689815c97aad0e9f6e20\">\n.flex_cell.av-6ny2e-c0b479fdf5a6689815c97aad0e9f6e20{\nvertical-align:top;\npadding:0px 0px 0px 0px;\n}\n<\/style>\n<div class='flex_cell av_one_full av-6ny2e-c0b479fdf5a6689815c97aad0e9f6e20 no_margin  avia-builder-el-3  avia-builder-el-no-sibling  av-zero-padding' ><div class='flex_cell_inner'><div  class='avia-slideshow av-l027idaa-fb5b304ddce563ffb9e9121c982a2a9c av-control-minimal avia-slideshow-extra_large av_slideshow avia-slide-slider  avia-builder-el-4  avia-builder-el-no-sibling  av-default-height-applied avia-slideshow-1'  data-size='extra_large'  data-lightbox_size='large'  data-animation='slide'  data-conditional_play=''  data-ids='399'  data-video_counter='0'  data-autoplay='false'  data-bg_slider='false'  data-slide_height=''  data-handle='av_slideshow'  data-interval='5'  data-class=' avia-builder-el-4  avia-builder-el-no-sibling '  data-extra_class=''  data-el_id=''  data-css_id=''  data-scroll_down=''  data-control_layout='av-control-minimal'  data-custom_markup=''  data-perma_caption=''  data-autoplay_stopper=''  data-image_attachment=''  data-min_height='0px'  data-lazy_loading='disabled'  data-default-height='45.4'  data-img_scrset=''  data-av-desktop-hide=''  data-av-medium-hide=''  data-av-small-hide=''  data-av-mini-hide=''  data-alb_description=''  data-id=''  data-custom_class=''  data-template_class=''  data-av_uid='av-l027idaa'  data-sc_version='1.0'  data-heading_tag=''  data-heading_class=''   itemprop=\"image\" itemscope=\"itemscope\" itemtype=\"https:\/\/schema.org\/ImageObject\" ><ul class='avia-slideshow-inner ' style='padding-bottom: 45.4%;'><li  class='avia-slideshow-slide av-l027idaa-fb5b304ddce563ffb9e9121c982a2a9c__0  av-single-slide slide-1 ' ><div data-rel='slideshow-1' class='avia-slide-wrap '   ><img decoding=\"async\" class=\"wp-image-401 avia-img-lazy-loading-not-401\"  src=\"https:\/\/cofapro.be\/wp-content\/uploads\/2022\/02\/stijn-op-dak-1.jpg\" width=\"1500\" height=\"681\" title='stijn-op-dak-1' alt='stijn op dak'  itemprop=\"thumbnailUrl\" srcset=\"https:\/\/cofapro.be\/wp-content\/uploads\/2022\/02\/stijn-op-dak-1.jpg 1500w, https:\/\/cofapro.be\/wp-content\/uploads\/2022\/02\/stijn-op-dak-1-300x136.jpg 300w, https:\/\/cofapro.be\/wp-content\/uploads\/2022\/02\/stijn-op-dak-1-1030x468.jpg 1030w, https:\/\/cofapro.be\/wp-content\/uploads\/2022\/02\/stijn-op-dak-1-768x349.jpg 768w, https:\/\/cofapro.be\/wp-content\/uploads\/2022\/02\/stijn-op-dak-1-705x320.jpg 705w\" sizes=\"(max-width: 1500px) 100vw, 1500px\" \/><\/div><\/li><\/ul><\/div>\n<\/div><\/div>\n<\/div><\/p>\n<div id='av_section_2'  class='avia-section av-5gemm-f3a9483dc9edd0fc5e06af9c154c94d3 main_color avia-section-huge avia-no-border-styling  avia-builder-el-5  el_after_av_layout_row  el_before_av_section  avia-bg-style-scroll container_wrap sidebar_right'  ><div class='container av-section-cont-open' ><div class='template-page content  av-content-small alpha units'><div class='post-entry post-entry-type-page post-entry-1106'><div class='entry-content-wrapper clearfix'>\n<div class='flex_column_table av-5agte-8be1dc015a037c7baa71b04869b158f7 sc-av_one_third av-equal-height-column-flextable'>\n<style type=\"text\/css\" data-created_by=\"avia_inline_auto\" id=\"style-css-av-5agte-8be1dc015a037c7baa71b04869b158f7\">\n.flex_column.av-5agte-8be1dc015a037c7baa71b04869b158f7{\npadding:15px 15px 15px 15px;\n}\n<\/style>\n<div class='flex_column av-5agte-8be1dc015a037c7baa71b04869b158f7 av_one_third  avia-builder-el-6  el_before_av_one_third  avia-builder-el-first  first flex_column_table_cell av-equal-height-column av-align-top '   ><p>\n<style type=\"text\/css\" data-created_by=\"avia_inline_auto\" id=\"style-css-av-l027hqav-2c0c9aee2fb2abe94d40301f1719e043\">\n#top .av-special-heading.av-l027hqav-2c0c9aee2fb2abe94d40301f1719e043{\npadding-bottom:10px;\ncolor:#6fb634;\nfont-size:35px;\n}\nbody .av-special-heading.av-l027hqav-2c0c9aee2fb2abe94d40301f1719e043 .av-special-heading-tag .heading-char{\nfont-size:25px;\n}\n#top #wrap_all .av-special-heading.av-l027hqav-2c0c9aee2fb2abe94d40301f1719e043 .av-special-heading-tag{\nfont-size:35px;\n}\n.av-special-heading.av-l027hqav-2c0c9aee2fb2abe94d40301f1719e043 .special-heading-inner-border{\nborder-color:#6fb634;\n}\n.av-special-heading.av-l027hqav-2c0c9aee2fb2abe94d40301f1719e043 .av-subheading{\nfont-size:15px;\n}\n<\/style>\n<div  class='av-special-heading av-l027hqav-2c0c9aee2fb2abe94d40301f1719e043 av-special-heading-h2 custom-color-heading blockquote modern-quote  avia-builder-el-7  el_before_av_hr  avia-builder-el-first  av-inherit-size'><h2 class='av-special-heading-tag'  itemprop=\"headline\"  >PR\u00c9VENIR LES PROBL\u00c8MES<\/h2><div class=\"special-heading-border\"><div class=\"special-heading-inner-border\"><\/div><\/div><\/div><br \/>\n\n<style type=\"text\/css\" data-created_by=\"avia_inline_auto\" id=\"style-css-av-4ha76-ec2da7ca459186a7bec34a0480b504d1\">\n#top .hr.av-4ha76-ec2da7ca459186a7bec34a0480b504d1{\nmargin-top:5px;\nmargin-bottom:5px;\n}\n.hr.av-4ha76-ec2da7ca459186a7bec34a0480b504d1 .hr-inner{\nwidth:200px;\nborder-color:#0a0a0a;\n}\n<\/style>\n<div  class='hr av-4ha76-ec2da7ca459186a7bec34a0480b504d1 hr-custom  avia-builder-el-8  el_after_av_heading  avia-builder-el-last  line-fat hr-left hr-icon-no'><span class='hr-inner inner-border-av-border-fat'><span class=\"hr-inner-style\"><\/span><\/span><\/div><\/p><\/div><div class='av-flex-placeholder'><\/div><div class='flex_column av-3odrm-b276abbd33fd0659c9bf4043929fde01 av_one_third  avia-builder-el-9  el_after_av_one_third  el_before_av_one_third  flex_column_table_cell av-equal-height-column av-align-top '   ><section  class='av_textblock_section av-l027h7xo-55396fe3cf84c4cfa3cb4f554263e26b'  itemscope=\"itemscope\" itemtype=\"https:\/\/schema.org\/CreativeWork\" ><div class='avia_textblock'  itemprop=\"text\" ><p>Bien que les syst\u00e8mes de protection contre les chutes et les \u00e9chelles rapport\u00e9es soient con\u00e7us pour r\u00e9sister aux intemp\u00e9ries, il est fortement recommand\u00e9 de les faire inspecter et entretenir une fois par an. Vous pouvez ainsi agir \u00e0 temps en cas de d\u00e9faillance \u00e9ventuelle et souvent, \u00e9viter d&#8217;importants probl\u00e8mes. Cofapro se charge de l&#8217;inspection de votre syst\u00e8me de protection contre les chutes et de vos \u00e9chelles fixes.<\/p>\n<\/div><\/section><\/div><div class='av-flex-placeholder'><\/div><div class='flex_column av-3awyu-67f83f731442a0508c23045358d43abe av_one_third  avia-builder-el-11  el_after_av_one_third  avia-builder-el-last  flex_column_table_cell av-equal-height-column av-align-top '   ><section  class='av_textblock_section av-l027h9np-ceaf68e824934a8e4c2d4be667782341'  itemscope=\"itemscope\" itemtype=\"https:\/\/schema.org\/CreativeWork\" ><div class='avia_textblock'  itemprop=\"text\" ><p>Lorsqu&#8217;ils se rendent sur place, nos inspecteurs peuvent d&#8217;ores et d\u00e9j\u00e0 rem\u00e9dier \u00e0 de petits probl\u00e8mes. Un rapport accompagn\u00e9 de photos vous est ensuite transmis. Si certains points n\u00e9cessitant votre attention ont \u00e9t\u00e9 remarqu\u00e9s sur le toit, par exemple des \u00e9vacuations bouch\u00e9es ou des d\u00e9g\u00e2ts \u00e0 la couverture de toiture, le rapport le mentionne \u00e9galement. Si vous le souhaitez, Cofapro peut vous accompagner dans votre recherche de solutions afin de r\u00e9soudre les probl\u00e8mes sur votre toit.<\/p>\n<\/div><\/section><\/div><\/div><!--close column table wrapper. Autoclose: 1 --><\/div><\/div><\/div><!-- close content main div --><\/div><\/div>\n<style type=\"text\/css\" data-created_by=\"avia_inline_auto\" id=\"style-css-av-av_section-331c948f53ddb9320da76ec63982a8c8\">\n.avia-section.av-av_section-331c948f53ddb9320da76ec63982a8c8{\nbackground-repeat:no-repeat;\nbackground-image:url(https:\/\/cofapro.be\/wp-content\/uploads\/2022\/02\/cofa-call-to-action.jpg);\nbackground-position:50% 50%;\nbackground-attachment:scroll;\n}\n.avia-section.av-av_section-331c948f53ddb9320da76ec63982a8c8 .av-section-color-overlay{\nopacity:0.2;\nbackground-color:#232323;\n}\n<\/style>\n<div id='av_section_3'  class='avia-section av-av_section-331c948f53ddb9320da76ec63982a8c8 main_color avia-section-huge avia-no-border-styling  avia-builder-el-13  el_after_av_section  avia-builder-el-last  avia-full-stretch avia-bg-style-scroll av-section-color-overlay-active container_wrap sidebar_right'  data-section-bg-repeat='stretch'><div class=\"av-section-color-overlay-wrap\"><div class=\"av-section-color-overlay\"><\/div><div class='container av-section-cont-open' ><div class='template-page content  av-content-small alpha units'><div class='post-entry post-entry-type-page post-entry-1106'><div class='entry-content-wrapper clearfix'>\n\n<style type=\"text\/css\" data-created_by=\"avia_inline_auto\" id=\"style-css-av-av_two_third-6d4b1015a376c192efe3743a7512fc0a\">\n.flex_column.av-av_two_third-6d4b1015a376c192efe3743a7512fc0a{\npadding:35px 35px 35px 35px;\nbackground-color:rgba(0,0,0,0.5);\n}\n<\/style>\n<div class='flex_column av-av_two_third-6d4b1015a376c192efe3743a7512fc0a av_two_third  avia-builder-el-14  avia-builder-el-no-sibling  first av-break-at-tablet flex_column_div '   ><p>\n<style type=\"text\/css\" data-created_by=\"avia_inline_auto\" id=\"style-css-av-av_heading-edc0fc8468f4b3479c40f1e22f4333b7\">\n#top .av-special-heading.av-av_heading-edc0fc8468f4b3479c40f1e22f4333b7{\npadding-bottom:20px;\ncolor:#ffffff;\nfont-size:30px;\n}\nbody .av-special-heading.av-av_heading-edc0fc8468f4b3479c40f1e22f4333b7 .av-special-heading-tag .heading-char{\nfont-size:25px;\n}\n#top #wrap_all .av-special-heading.av-av_heading-edc0fc8468f4b3479c40f1e22f4333b7 .av-special-heading-tag{\nfont-size:30px;\n}\n.av-special-heading.av-av_heading-edc0fc8468f4b3479c40f1e22f4333b7 .special-heading-inner-border{\nborder-color:#ffffff;\n}\n.av-special-heading.av-av_heading-edc0fc8468f4b3479c40f1e22f4333b7 .av-subheading{\nfont-size:15px;\n}\n<\/style>\n<div  class='av-special-heading av-av_heading-edc0fc8468f4b3479c40f1e22f4333b7 av-special-heading-h3 custom-color-heading blockquote modern-quote  avia-builder-el-15  el_before_av_button  avia-builder-el-first  av-inherit-size'><h3 class='av-special-heading-tag'  itemprop=\"headline\"  >Une vaste gamme de solutions de haute qualit\u00e9 est la base de notre solide service.<\/h3><div class=\"special-heading-border\"><div class=\"special-heading-inner-border\"><\/div><\/div><\/div><br \/>\n<div  class='avia-button-wrap avia-button-left  avia-builder-el-16  el_after_av_heading  avia-builder-el-last ' >\n<style type=\"text\/css\" data-created_by=\"avia_inline_auto\" id=\"style-css-av-av_button-613fbcedf3c86ff42466c7a572fa2459\">\n#top #wrap_all .avia-button.av-av_button-613fbcedf3c86ff42466c7a572fa2459{\nbackground-color:#6fb634;\nborder-color:#6fb634;\ncolor:#ffffff;\ntransition:all 0.4s ease-in-out;\n-webkit-transition:all 0.4s ease-in-out;\n-moz-transition:all 0.4s ease-in-out;\n-ms-transition:all 0.4s ease-in-out;\n-o-transition:all 0.4s ease-in-out;\n}\n<\/style>\n<a href='https:\/\/cofapro.be\/fr\/a-propos-de-nous\/'  class='avia-button av-av_button-613fbcedf3c86ff42466c7a572fa2459 avia-icon_select-no avia-size-large avia-position-left'  target=\"_blank\"  rel=\"noopener noreferrer\"><span class='avia_iconbox_title' >CONTACTEZ-NOUS<\/span><\/a><\/div><\/p><\/div>\n<\/div><\/div><\/div><!-- close content main div --><\/div><\/div><\/div><div id='after_section_3'  class='main_color av_default_container_wrap container_wrap sidebar_right'  ><div class='container av-section-cont-open' ><div class='template-page content  av-content-small alpha units'><div class='post-entry post-entry-type-page post-entry-1106'><div class='entry-content-wrapper clearfix'><\/p>\n","protected":false},"excerpt":{"rendered":"","protected":false},"author":1,"featured_media":0,"parent":1049,"menu_order":4,"comment_status":"closed","ping_status":"closed","template":"","meta":{"footnotes":""},"class_list":["post-1106","page","type-page","status-publish","hentry"],"_links":{"self":[{"href":"https:\/\/cofapro.be\/fr\/wp-json\/wp\/v2\/pages\/1106","targetHints":{"allow":["GET"]}}],"collection":[{"href":"https:\/\/cofapro.be\/fr\/wp-json\/wp\/v2\/pages"}],"about":[{"href":"https:\/\/cofapro.be\/fr\/wp-json\/wp\/v2\/types\/page"}],"author":[{"embeddable":true,"href":"https:\/\/cofapro.be\/fr\/wp-json\/wp\/v2\/users\/1"}],"replies":[{"embeddable":true,"href":"https:\/\/cofapro.be\/fr\/wp-json\/wp\/v2\/comments?post=1106"}],"version-history":[{"count":5,"href":"https:\/\/cofapro.be\/fr\/wp-json\/wp\/v2\/pages\/1106\/revisions"}],"predecessor-version":[{"id":1400,"href":"https:\/\/cofapro.be\/fr\/wp-json\/wp\/v2\/pages\/1106\/revisions\/1400"}],"up":[{"embeddable":true,"href":"https:\/\/cofapro.be\/fr\/wp-json\/wp\/v2\/pages\/1049"}],"wp:attachment":[{"href":"https:\/\/cofapro.be\/fr\/wp-json\/wp\/v2\/media?parent=1106"}],"curies":[{"name":"wp","href":"https:\/\/api.w.org\/{rel}","templated":true}]}}