{"id":1102,"date":"2022-02-01T13:51:08","date_gmt":"2022-02-01T13:51:08","guid":{"rendered":"https:\/\/cofapro.be\/protection-antichute\/pbms\/"},"modified":"2022-02-28T08:34:01","modified_gmt":"2022-02-28T08:34:01","slug":"equipements-de-protection-individuelle","status":"publish","type":"page","link":"https:\/\/cofapro.be\/fr\/protection-antichute\/equipements-de-protection-individuelle\/","title":{"rendered":"EPI"},"content":{"rendered":"<div id='av_section_1'  class='avia-section av-av_section-2dcb3d115e2e5af9a73072e0505910f8 main_color avia-section-default avia-no-border-styling  avia-builder-el-0  el_before_av_layout_row  avia-builder-el-first  avia-bg-style-scroll container_wrap sidebar_right'  ><div class='container av-section-cont-open' ><main  role=\"main\" itemprop=\"mainContentOfPage\"  class='template-page content  av-content-small alpha units'><div class='post-entry post-entry-type-page post-entry-1102'><div class='entry-content-wrapper clearfix'>\n\n<style type=\"text\/css\" data-created_by=\"avia_inline_auto\" id=\"style-css-av-l027mfmn-57264d740dd41fd3d27a2da50b1cc021\">\n#top .av-special-heading.av-l027mfmn-57264d740dd41fd3d27a2da50b1cc021{\npadding-bottom:10px;\nfont-size:60px;\n}\nbody .av-special-heading.av-l027mfmn-57264d740dd41fd3d27a2da50b1cc021 .av-special-heading-tag .heading-char{\nfont-size:25px;\n}\n#top #wrap_all .av-special-heading.av-l027mfmn-57264d740dd41fd3d27a2da50b1cc021 .av-special-heading-tag{\nfont-size:60px;\n}\n.av-special-heading.av-l027mfmn-57264d740dd41fd3d27a2da50b1cc021 .av-subheading{\nfont-size:15px;\n}\n<\/style>\n<div  class='av-special-heading av-l027mfmn-57264d740dd41fd3d27a2da50b1cc021 av-special-heading-h1 blockquote modern-quote  avia-builder-el-1  avia-builder-el-no-sibling  av-inherit-size'><h1 class='av-special-heading-tag'  itemprop=\"headline\"  ><span class=\"green\">\u00c9quipements<\/span><br \/>\nde protection individuelle<\/h1><div class=\"special-heading-border\"><div class=\"special-heading-inner-border\"><\/div><\/div><\/div>\n<\/div><\/div><\/main><!-- close content main element --><\/div><\/div><div id='av-layout-grid-1'  class='av-layout-grid-container av-av_layout_row-d13ba1ea422dec6af01c4ffb55b7d862 entry-content-wrapper main_color av-flex-cells  avia-builder-el-2  el_after_av_section  el_before_av_section  grid-row-not-first  container_wrap sidebar_right'  >\n\n<style type=\"text\/css\" data-created_by=\"avia_inline_auto\" id=\"style-css-av-av_cell_one_full-610f19257bede400160a9f6d2b19cc18\">\n.flex_cell.av-av_cell_one_full-610f19257bede400160a9f6d2b19cc18{\nvertical-align:top;\npadding:0px 0px 0px 0px;\n}\n<\/style>\n<div class='flex_cell av_one_full av-av_cell_one_full-610f19257bede400160a9f6d2b19cc18 no_margin  avia-builder-el-3  avia-builder-el-no-sibling  av-zero-padding' ><div class='flex_cell_inner'><div  class='avia-slideshow av-l027oh2v-c1031781390568b0b78afe71d328e58e av-control-minimal avia-slideshow-extra_large av_slideshow avia-slide-slider  avia-builder-el-4  avia-builder-el-no-sibling  av-default-height-applied avia-slideshow-1'  data-size='extra_large'  data-lightbox_size='large'  data-animation='slide'  data-conditional_play=''  data-ids='444,447'  data-video_counter='0'  data-autoplay='false'  data-bg_slider='false'  data-slide_height=''  data-handle='av_slideshow'  data-interval='5'  data-class=' avia-builder-el-4  avia-builder-el-no-sibling '  data-extra_class=''  data-el_id=''  data-css_id=''  data-scroll_down=''  data-control_layout='av-control-minimal'  data-custom_markup=''  data-perma_caption=''  data-autoplay_stopper=''  data-image_attachment=''  data-min_height='0px'  data-lazy_loading='disabled'  data-default-height='45.333333333333'  data-img_scrset=''  data-av-desktop-hide=''  data-av-medium-hide=''  data-av-small-hide=''  data-av-mini-hide=''  data-alb_description=''  data-id=''  data-custom_class=''  data-template_class=''  data-av_uid='av-l027oh2v'  data-sc_version='1.0'  data-heading_tag=''  data-heading_class=''   itemprop=\"image\" itemscope=\"itemscope\" itemtype=\"https:\/\/schema.org\/ImageObject\" ><ul class='avia-slideshow-inner ' style='padding-bottom: 45.333333333333%;'><li  class='avia-slideshow-slide av-l027oh2v-c1031781390568b0b78afe71d328e58e__0  slide-1 ' ><div data-rel='slideshow-1' class='avia-slide-wrap '   ><img decoding=\"async\" class=\"wp-image-446 avia-img-lazy-loading-not-446\"  src=\"https:\/\/cofapro.be\/wp-content\/uploads\/2022\/02\/IMG_3285-3.jpg\" width=\"1500\" height=\"680\" title='IMG_3285-3' alt='IMG'  itemprop=\"thumbnailUrl\" srcset=\"https:\/\/cofapro.be\/wp-content\/uploads\/2022\/02\/IMG_3285-3.jpg 1500w, https:\/\/cofapro.be\/wp-content\/uploads\/2022\/02\/IMG_3285-3-300x136.jpg 300w, https:\/\/cofapro.be\/wp-content\/uploads\/2022\/02\/IMG_3285-3-1030x467.jpg 1030w, https:\/\/cofapro.be\/wp-content\/uploads\/2022\/02\/IMG_3285-3-768x348.jpg 768w, https:\/\/cofapro.be\/wp-content\/uploads\/2022\/02\/IMG_3285-3-705x320.jpg 705w\" sizes=\"(max-width: 1500px) 100vw, 1500px\" \/><\/div><\/li><li  class='avia-slideshow-slide av-l027oh2v-c1031781390568b0b78afe71d328e58e__1  slide-2 ' ><div data-rel='slideshow-1' class='avia-slide-wrap '   ><img decoding=\"async\" class=\"wp-image-449 avia-img-lazy-loading-not-449\"  src=\"https:\/\/cofapro.be\/wp-content\/uploads\/2022\/02\/IMG_3669-2.jpg\" width=\"1500\" height=\"680\" title='IMG_3669-2' alt='IMG'  itemprop=\"thumbnailUrl\" srcset=\"https:\/\/cofapro.be\/wp-content\/uploads\/2022\/02\/IMG_3669-2.jpg 1500w, https:\/\/cofapro.be\/wp-content\/uploads\/2022\/02\/IMG_3669-2-300x136.jpg 300w, https:\/\/cofapro.be\/wp-content\/uploads\/2022\/02\/IMG_3669-2-1030x467.jpg 1030w, https:\/\/cofapro.be\/wp-content\/uploads\/2022\/02\/IMG_3669-2-768x348.jpg 768w, https:\/\/cofapro.be\/wp-content\/uploads\/2022\/02\/IMG_3669-2-705x320.jpg 705w\" sizes=\"(max-width: 1500px) 100vw, 1500px\" \/><\/div><\/li><\/ul><div class='avia-slideshow-arrows avia-slideshow-controls' ><a href='#prev' class='prev-slide ' aria-hidden='true' data-av_icon='\ue87c' data-av_iconfont='entypo-fontello'  tabindex='-1'>Pr\u00e9c\u00e9dent<\/a><a href='#next' class='next-slide ' aria-hidden='true' data-av_icon='\ue87d' data-av_iconfont='entypo-fontello'  tabindex='-1'>Suivant<\/a><\/div><div class='avia-slideshow-dots avia-slideshow-controls'><a href='#1' class='goto-slide active' >1<\/a><a href='#2' class='goto-slide ' >2<\/a><\/div><\/div>\n<\/div><\/div>\n<\/div><\/p>\n<div id='av_section_2'  class='avia-section av-av_section-f3801c5286c5581ff5b7ba11e7ca7dd3 main_color avia-section-huge avia-no-border-styling  avia-builder-el-5  el_after_av_layout_row  el_before_av_section  avia-bg-style-scroll container_wrap sidebar_right'  ><div class='container av-section-cont-open' ><div class='template-page content  av-content-small alpha units'><div class='post-entry post-entry-type-page post-entry-1102'><div class='entry-content-wrapper clearfix'>\n<div class='flex_column_table av-av_one_third-92cc6b7eaba66c43b9de7fd865957923 sc-av_one_third av-equal-height-column-flextable'>\n<style type=\"text\/css\" data-created_by=\"avia_inline_auto\" id=\"style-css-av-av_one_third-92cc6b7eaba66c43b9de7fd865957923\">\n.flex_column.av-av_one_third-92cc6b7eaba66c43b9de7fd865957923{\npadding:15px 15px 15px 15px;\n}\n<\/style>\n<div class='flex_column av-av_one_third-92cc6b7eaba66c43b9de7fd865957923 av_one_third  avia-builder-el-6  el_before_av_one_third  avia-builder-el-first  first flex_column_table_cell av-equal-height-column av-align-top '   ><p>\n<style type=\"text\/css\" data-created_by=\"avia_inline_auto\" id=\"style-css-av-l027ngvv-ad8b379c6cb456294b01ae502fbc123b\">\n#top .av-special-heading.av-l027ngvv-ad8b379c6cb456294b01ae502fbc123b{\npadding-bottom:10px;\ncolor:#6fb634;\nfont-size:35px;\n}\nbody .av-special-heading.av-l027ngvv-ad8b379c6cb456294b01ae502fbc123b .av-special-heading-tag .heading-char{\nfont-size:25px;\n}\n#top #wrap_all .av-special-heading.av-l027ngvv-ad8b379c6cb456294b01ae502fbc123b .av-special-heading-tag{\nfont-size:35px;\n}\n.av-special-heading.av-l027ngvv-ad8b379c6cb456294b01ae502fbc123b .special-heading-inner-border{\nborder-color:#6fb634;\n}\n.av-special-heading.av-l027ngvv-ad8b379c6cb456294b01ae502fbc123b .av-subheading{\nfont-size:15px;\n}\n<\/style>\n<div  class='av-special-heading av-l027ngvv-ad8b379c6cb456294b01ae502fbc123b av-special-heading-h2 custom-color-heading blockquote modern-quote  avia-builder-el-7  el_before_av_hr  avia-builder-el-first  av-inherit-size'><h2 class='av-special-heading-tag'  itemprop=\"headline\"  >PROTECTION INDIVIDUELLE<\/h2><div class=\"special-heading-border\"><div class=\"special-heading-inner-border\"><\/div><\/div><\/div><br \/>\n\n<style type=\"text\/css\" data-created_by=\"avia_inline_auto\" id=\"style-css-av-av_hr-fb6c8f25c040360b54c20df110c37c52\">\n#top .hr.av-av_hr-fb6c8f25c040360b54c20df110c37c52{\nmargin-top:5px;\nmargin-bottom:5px;\n}\n.hr.av-av_hr-fb6c8f25c040360b54c20df110c37c52 .hr-inner{\nwidth:200px;\nborder-color:#0a0a0a;\n}\n<\/style>\n<div  class='hr av-av_hr-fb6c8f25c040360b54c20df110c37c52 hr-custom  avia-builder-el-8  el_after_av_heading  avia-builder-el-last  line-fat hr-left hr-icon-no'><span class='hr-inner inner-border-av-border-fat'><span class=\"hr-inner-style\"><\/span><\/span><\/div><\/p><\/div><div class='av-flex-placeholder'><\/div><div class='flex_column av-av_one_third-d06667205e6186ec8414c6eb7605d406 av_one_third  avia-builder-el-9  el_after_av_one_third  el_before_av_one_third  flex_column_table_cell av-equal-height-column av-align-top '   ><section  class='av_textblock_section av-l027mrw1-c29395a0da11f15b86db4e2ca2499ebb'  itemscope=\"itemscope\" itemtype=\"https:\/\/schema.org\/CreativeWork\" ><div class='avia_textblock'  itemprop=\"text\" ><p>Notre offre est synonyme de qualit\u00e9 et de durabilit\u00e9. Nous disposons de solutions pour un usage tant occasionnel que de longue dur\u00e9e et intense. Cofapro propose une vaste gamme de harnais de s\u00e9curit\u00e9, de dispositifs antichute auto-r\u00e9tractables, de longes, de lignes de vie mobiles, etc.<\/p>\n<\/div><\/section><\/div><div class='av-flex-placeholder'><\/div><div class='flex_column av-av_one_third-d06667205e6186ec8414c6eb7605d406 av_one_third  avia-builder-el-11  el_after_av_one_third  avia-builder-el-last  flex_column_table_cell av-equal-height-column av-align-top '   ><section  class='av_textblock_section av-l027muwq-cbc66550d004f61d372131f3b1f89415'  itemscope=\"itemscope\" itemtype=\"https:\/\/schema.org\/CreativeWork\" ><div class='avia_textblock'  itemprop=\"text\" ><p>N&#8217;h\u00e9sitez pas \u00e0 nous demander conseil, car les possibilit\u00e9s sont extr\u00eamement diversifi\u00e9es.<\/p>\n<div id=\"ConnectiveDocSignExtentionInstalled\" data-extension-version=\"1.0.4\"><\/div>\n<\/div><\/section><\/div><\/div><!--close column table wrapper. Autoclose: 1 --><\/div><\/div><\/div><!-- close content main div --><\/div><\/div>\n<style type=\"text\/css\" data-created_by=\"avia_inline_auto\" id=\"style-css-av-av_section-331c948f53ddb9320da76ec63982a8c8\">\n.avia-section.av-av_section-331c948f53ddb9320da76ec63982a8c8{\nbackground-repeat:no-repeat;\nbackground-image:url(https:\/\/cofapro.be\/wp-content\/uploads\/2022\/02\/cofa-call-to-action.jpg);\nbackground-position:50% 50%;\nbackground-attachment:scroll;\n}\n.avia-section.av-av_section-331c948f53ddb9320da76ec63982a8c8 .av-section-color-overlay{\nopacity:0.2;\nbackground-color:#232323;\n}\n<\/style>\n<div id='av_section_3'  class='avia-section av-av_section-331c948f53ddb9320da76ec63982a8c8 main_color avia-section-huge avia-no-border-styling  avia-builder-el-13  el_after_av_section  avia-builder-el-last  avia-full-stretch avia-bg-style-scroll av-section-color-overlay-active container_wrap sidebar_right'  data-section-bg-repeat='stretch'><div class=\"av-section-color-overlay-wrap\"><div class=\"av-section-color-overlay\"><\/div><div class='container av-section-cont-open' ><div class='template-page content  av-content-small alpha units'><div class='post-entry post-entry-type-page post-entry-1102'><div class='entry-content-wrapper clearfix'>\n\n<style type=\"text\/css\" data-created_by=\"avia_inline_auto\" id=\"style-css-av-av_two_third-6d4b1015a376c192efe3743a7512fc0a\">\n.flex_column.av-av_two_third-6d4b1015a376c192efe3743a7512fc0a{\npadding:35px 35px 35px 35px;\nbackground-color:rgba(0,0,0,0.5);\n}\n<\/style>\n<div class='flex_column av-av_two_third-6d4b1015a376c192efe3743a7512fc0a av_two_third  avia-builder-el-14  avia-builder-el-no-sibling  first av-break-at-tablet flex_column_div '   ><p>\n<style type=\"text\/css\" data-created_by=\"avia_inline_auto\" id=\"style-css-av-av_heading-edc0fc8468f4b3479c40f1e22f4333b7\">\n#top .av-special-heading.av-av_heading-edc0fc8468f4b3479c40f1e22f4333b7{\npadding-bottom:20px;\ncolor:#ffffff;\nfont-size:30px;\n}\nbody .av-special-heading.av-av_heading-edc0fc8468f4b3479c40f1e22f4333b7 .av-special-heading-tag .heading-char{\nfont-size:25px;\n}\n#top #wrap_all .av-special-heading.av-av_heading-edc0fc8468f4b3479c40f1e22f4333b7 .av-special-heading-tag{\nfont-size:30px;\n}\n.av-special-heading.av-av_heading-edc0fc8468f4b3479c40f1e22f4333b7 .special-heading-inner-border{\nborder-color:#ffffff;\n}\n.av-special-heading.av-av_heading-edc0fc8468f4b3479c40f1e22f4333b7 .av-subheading{\nfont-size:15px;\n}\n<\/style>\n<div  class='av-special-heading av-av_heading-edc0fc8468f4b3479c40f1e22f4333b7 av-special-heading-h3 custom-color-heading blockquote modern-quote  avia-builder-el-15  el_before_av_button  avia-builder-el-first  av-inherit-size'><h3 class='av-special-heading-tag'  itemprop=\"headline\"  >Une vaste gamme de solutions de haute qualit\u00e9 est la base de notre solide service.<\/h3><div class=\"special-heading-border\"><div class=\"special-heading-inner-border\"><\/div><\/div><\/div><br \/>\n<div  class='avia-button-wrap avia-button-left  avia-builder-el-16  el_after_av_heading  avia-builder-el-last ' >\n<style type=\"text\/css\" data-created_by=\"avia_inline_auto\" id=\"style-css-av-av_button-613fbcedf3c86ff42466c7a572fa2459\">\n#top #wrap_all .avia-button.av-av_button-613fbcedf3c86ff42466c7a572fa2459{\nbackground-color:#6fb634;\nborder-color:#6fb634;\ncolor:#ffffff;\ntransition:all 0.4s ease-in-out;\n-webkit-transition:all 0.4s ease-in-out;\n-moz-transition:all 0.4s ease-in-out;\n-ms-transition:all 0.4s ease-in-out;\n-o-transition:all 0.4s ease-in-out;\n}\n<\/style>\n<a href='https:\/\/cofapro.be\/fr\/a-propos-de-nous\/'  class='avia-button av-av_button-613fbcedf3c86ff42466c7a572fa2459 avia-icon_select-no avia-size-large avia-position-left'  target=\"_blank\"  rel=\"noopener noreferrer\"><span class='avia_iconbox_title' >CONTACTEZ-NOUS<\/span><\/a><\/div><\/p><\/div>\n<\/div><\/div><\/div><!-- close content main div --><\/div><\/div><\/div><div id='after_section_3'  class='main_color av_default_container_wrap container_wrap sidebar_right'  ><div class='container av-section-cont-open' ><div class='template-page content  av-content-small alpha units'><div class='post-entry post-entry-type-page post-entry-1102'><div class='entry-content-wrapper clearfix'><\/p>\n","protected":false},"excerpt":{"rendered":"","protected":false},"author":1,"featured_media":0,"parent":1049,"menu_order":6,"comment_status":"closed","ping_status":"closed","template":"","meta":{"footnotes":""},"class_list":["post-1102","page","type-page","status-publish","hentry"],"_links":{"self":[{"href":"https:\/\/cofapro.be\/fr\/wp-json\/wp\/v2\/pages\/1102","targetHints":{"allow":["GET"]}}],"collection":[{"href":"https:\/\/cofapro.be\/fr\/wp-json\/wp\/v2\/pages"}],"about":[{"href":"https:\/\/cofapro.be\/fr\/wp-json\/wp\/v2\/types\/page"}],"author":[{"embeddable":true,"href":"https:\/\/cofapro.be\/fr\/wp-json\/wp\/v2\/users\/1"}],"replies":[{"embeddable":true,"href":"https:\/\/cofapro.be\/fr\/wp-json\/wp\/v2\/comments?post=1102"}],"version-history":[{"count":6,"href":"https:\/\/cofapro.be\/fr\/wp-json\/wp\/v2\/pages\/1102\/revisions"}],"predecessor-version":[{"id":1485,"href":"https:\/\/cofapro.be\/fr\/wp-json\/wp\/v2\/pages\/1102\/revisions\/1485"}],"up":[{"embeddable":true,"href":"https:\/\/cofapro.be\/fr\/wp-json\/wp\/v2\/pages\/1049"}],"wp:attachment":[{"href":"https:\/\/cofapro.be\/fr\/wp-json\/wp\/v2\/media?parent=1102"}],"curies":[{"name":"wp","href":"https:\/\/api.w.org\/{rel}","templated":true}]}}