{"id":1088,"date":"2022-02-01T13:51:31","date_gmt":"2022-02-01T13:51:31","guid":{"rendered":"https:\/\/cofapro.be\/protection-antichute\/overheadsysteem-industrie\/"},"modified":"2022-02-25T12:09:51","modified_gmt":"2022-02-25T12:09:51","slug":"systeme-suspendu-pour-lindustrie","status":"publish","type":"page","link":"https:\/\/cofapro.be\/fr\/protection-antichute\/systeme-suspendu-pour-lindustrie\/","title":{"rendered":"Syst\u00e8me suspendu pour l&#8217;industrie"},"content":{"rendered":"<div id='av_section_1'  class='avia-section av-eorlm-a7da4cc3e1c96ebf06c56e89cb761e67 main_color avia-section-default avia-no-border-styling  avia-builder-el-0  el_before_av_layout_row  avia-builder-el-first  avia-bg-style-scroll container_wrap sidebar_right'  ><div class='container av-section-cont-open' ><main  role=\"main\" itemprop=\"mainContentOfPage\"  class='template-page content  av-content-small alpha units'><div class='post-entry post-entry-type-page post-entry-1088'><div class='entry-content-wrapper clearfix'>\n\n<style type=\"text\/css\" data-created_by=\"avia_inline_auto\" id=\"style-css-av-l027sunc-71034f8988a012efbc4161695f667a4d\">\n#top .av-special-heading.av-l027sunc-71034f8988a012efbc4161695f667a4d{\npadding-bottom:10px;\nfont-size:60px;\n}\nbody .av-special-heading.av-l027sunc-71034f8988a012efbc4161695f667a4d .av-special-heading-tag .heading-char{\nfont-size:25px;\n}\n#top #wrap_all .av-special-heading.av-l027sunc-71034f8988a012efbc4161695f667a4d .av-special-heading-tag{\nfont-size:60px;\n}\n.av-special-heading.av-l027sunc-71034f8988a012efbc4161695f667a4d .av-subheading{\nfont-size:15px;\n}\n<\/style>\n<div  class='av-special-heading av-l027sunc-71034f8988a012efbc4161695f667a4d av-special-heading-h1 blockquote modern-quote  avia-builder-el-1  avia-builder-el-no-sibling  av-inherit-size'><h1 class='av-special-heading-tag'  itemprop=\"headline\"  ><span class=\"green\">Syst\u00e8me suspendu<\/span><br \/>\npour l\u2019industrie<\/h1><div class=\"special-heading-border\"><div class=\"special-heading-inner-border\"><\/div><\/div><\/div>\n<\/div><\/div><\/main><!-- close content main element --><\/div><\/div><div id='av-layout-grid-1'  class='av-layout-grid-container av-e0s92-188c861e4c9c9db40ef31f5d6e48f125 entry-content-wrapper main_color av-flex-cells  avia-builder-el-2  el_after_av_section  el_before_av_section  grid-row-not-first  container_wrap sidebar_right'  >\n\n<style type=\"text\/css\" data-created_by=\"avia_inline_auto\" id=\"style-css-av-digaq-ea1b26851fdf5b432f871617a301a976\">\n.flex_cell.av-digaq-ea1b26851fdf5b432f871617a301a976{\nvertical-align:top;\npadding:0px 0px 0px 0px;\n}\n<\/style>\n<div class='flex_cell av_one_full av-digaq-ea1b26851fdf5b432f871617a301a976 no_margin  avia-builder-el-3  avia-builder-el-no-sibling  av-zero-padding' ><div class='flex_cell_inner'><div  class='avia-slideshow av-l027wk9a-f5e619b1697ab3b4d16a7988d5c2b12d av-control-minimal avia-slideshow-extra_large av_slideshow avia-slide-slider  avia-builder-el-4  avia-builder-el-no-sibling  av-default-height-applied avia-slideshow-1'  data-size='extra_large'  data-lightbox_size='large'  data-animation='slide'  data-conditional_play=''  data-ids='496,499,487,484,481,478,475,472,469,502,493,490'  data-video_counter='0'  data-autoplay='false'  data-bg_slider='false'  data-slide_height=''  data-handle='av_slideshow'  data-interval='5'  data-class=' avia-builder-el-4  avia-builder-el-no-sibling '  data-extra_class=''  data-el_id=''  data-css_id=''  data-scroll_down=''  data-control_layout='av-control-minimal'  data-custom_markup=''  data-perma_caption=''  data-autoplay_stopper=''  data-image_attachment=''  data-min_height='0px'  data-lazy_loading='disabled'  data-default-height='43.333333333333'  data-img_scrset=''  data-av-desktop-hide=''  data-av-medium-hide=''  data-av-small-hide=''  data-av-mini-hide=''  data-alb_description=''  data-id=''  data-custom_class=''  data-template_class=''  data-av_uid='av-l027wk9a'  data-sc_version='1.0'  data-heading_tag=''  data-heading_class=''   itemprop=\"image\" itemscope=\"itemscope\" itemtype=\"https:\/\/schema.org\/ImageObject\" ><ul class='avia-slideshow-inner ' style='padding-bottom: 43.333333333333%;'><li  class='avia-slideshow-slide av-l027wk9a-f5e619b1697ab3b4d16a7988d5c2b12d__0  slide-1 ' ><div data-rel='slideshow-1' class='avia-slide-wrap '   ><img decoding=\"async\" class=\"wp-image-498 avia-img-lazy-loading-not-498\"  src=\"https:\/\/cofapro.be\/wp-content\/uploads\/2022\/02\/alsipercha-industrie3.jpg\" width=\"1500\" height=\"650\" title='alsipercha-industrie3' alt='alsipercha industrie'  itemprop=\"thumbnailUrl\" srcset=\"https:\/\/cofapro.be\/wp-content\/uploads\/2022\/02\/alsipercha-industrie3.jpg 1500w, https:\/\/cofapro.be\/wp-content\/uploads\/2022\/02\/alsipercha-industrie3-300x130.jpg 300w, https:\/\/cofapro.be\/wp-content\/uploads\/2022\/02\/alsipercha-industrie3-1030x446.jpg 1030w, https:\/\/cofapro.be\/wp-content\/uploads\/2022\/02\/alsipercha-industrie3-768x333.jpg 768w, https:\/\/cofapro.be\/wp-content\/uploads\/2022\/02\/alsipercha-industrie3-705x306.jpg 705w\" sizes=\"(max-width: 1500px) 100vw, 1500px\" \/><\/div><\/li><li  class='avia-slideshow-slide av-l027wk9a-f5e619b1697ab3b4d16a7988d5c2b12d__1  slide-2 ' ><div data-rel='slideshow-1' class='avia-slide-wrap '   ><img decoding=\"async\" class=\"wp-image-501 avia-img-lazy-loading-not-501\"  src=\"https:\/\/cofapro.be\/wp-content\/uploads\/2022\/02\/alsipercha-industrie6.jpg\" width=\"1500\" height=\"680\" title='alsipercha-industrie6' alt='alsipercha industrie'  itemprop=\"thumbnailUrl\" srcset=\"https:\/\/cofapro.be\/wp-content\/uploads\/2022\/02\/alsipercha-industrie6.jpg 1500w, https:\/\/cofapro.be\/wp-content\/uploads\/2022\/02\/alsipercha-industrie6-300x136.jpg 300w, https:\/\/cofapro.be\/wp-content\/uploads\/2022\/02\/alsipercha-industrie6-1030x467.jpg 1030w, https:\/\/cofapro.be\/wp-content\/uploads\/2022\/02\/alsipercha-industrie6-768x348.jpg 768w, https:\/\/cofapro.be\/wp-content\/uploads\/2022\/02\/alsipercha-industrie6-705x320.jpg 705w\" sizes=\"(max-width: 1500px) 100vw, 1500px\" \/><\/div><\/li><li  class='avia-slideshow-slide av-l027wk9a-f5e619b1697ab3b4d16a7988d5c2b12d__2  slide-3 ' ><div data-rel='slideshow-1' class='avia-slide-wrap '   ><img decoding=\"async\" class=\"wp-image-489 avia-img-lazy-loading-not-489\"  src=\"https:\/\/cofapro.be\/wp-content\/uploads\/2022\/02\/alsipercha-industrie2.jpg\" width=\"1500\" height=\"680\" title='alsipercha-industrie2' alt='alsipercha industrie'  itemprop=\"thumbnailUrl\" srcset=\"https:\/\/cofapro.be\/wp-content\/uploads\/2022\/02\/alsipercha-industrie2.jpg 1500w, https:\/\/cofapro.be\/wp-content\/uploads\/2022\/02\/alsipercha-industrie2-300x136.jpg 300w, https:\/\/cofapro.be\/wp-content\/uploads\/2022\/02\/alsipercha-industrie2-1030x467.jpg 1030w, https:\/\/cofapro.be\/wp-content\/uploads\/2022\/02\/alsipercha-industrie2-768x348.jpg 768w, https:\/\/cofapro.be\/wp-content\/uploads\/2022\/02\/alsipercha-industrie2-705x320.jpg 705w\" sizes=\"(max-width: 1500px) 100vw, 1500px\" \/><\/div><\/li><li  class='avia-slideshow-slide av-l027wk9a-f5e619b1697ab3b4d16a7988d5c2b12d__3  slide-4 ' ><div data-rel='slideshow-1' class='avia-slide-wrap '   ><img decoding=\"async\" class=\"wp-image-486 avia-img-lazy-loading-not-486\"  src=\"https:\/\/cofapro.be\/wp-content\/uploads\/2022\/02\/alsipercha-industrie7.jpg\" width=\"1500\" height=\"680\" title='alsipercha-industrie7' alt='alsipercha industrie'  itemprop=\"thumbnailUrl\" srcset=\"https:\/\/cofapro.be\/wp-content\/uploads\/2022\/02\/alsipercha-industrie7.jpg 1500w, https:\/\/cofapro.be\/wp-content\/uploads\/2022\/02\/alsipercha-industrie7-300x136.jpg 300w, https:\/\/cofapro.be\/wp-content\/uploads\/2022\/02\/alsipercha-industrie7-1030x467.jpg 1030w, https:\/\/cofapro.be\/wp-content\/uploads\/2022\/02\/alsipercha-industrie7-768x348.jpg 768w, https:\/\/cofapro.be\/wp-content\/uploads\/2022\/02\/alsipercha-industrie7-705x320.jpg 705w\" sizes=\"(max-width: 1500px) 100vw, 1500px\" \/><\/div><\/li><li  class='avia-slideshow-slide av-l027wk9a-f5e619b1697ab3b4d16a7988d5c2b12d__4  slide-5 ' ><div data-rel='slideshow-1' class='avia-slide-wrap '   ><img decoding=\"async\" class=\"wp-image-483 avia-img-lazy-loading-not-483\"  src=\"https:\/\/cofapro.be\/wp-content\/uploads\/2022\/02\/alsipercha-industrie4.jpg\" width=\"1500\" height=\"680\" title='alsipercha-industrie4' alt='alsipercha industrie'  itemprop=\"thumbnailUrl\" srcset=\"https:\/\/cofapro.be\/wp-content\/uploads\/2022\/02\/alsipercha-industrie4.jpg 1500w, https:\/\/cofapro.be\/wp-content\/uploads\/2022\/02\/alsipercha-industrie4-300x136.jpg 300w, https:\/\/cofapro.be\/wp-content\/uploads\/2022\/02\/alsipercha-industrie4-1030x467.jpg 1030w, https:\/\/cofapro.be\/wp-content\/uploads\/2022\/02\/alsipercha-industrie4-768x348.jpg 768w, https:\/\/cofapro.be\/wp-content\/uploads\/2022\/02\/alsipercha-industrie4-705x320.jpg 705w\" sizes=\"(max-width: 1500px) 100vw, 1500px\" \/><\/div><\/li><li  class='avia-slideshow-slide av-l027wk9a-f5e619b1697ab3b4d16a7988d5c2b12d__5  slide-6 ' ><div data-rel='slideshow-1' class='avia-slide-wrap '   ><img decoding=\"async\" class=\"wp-image-480 avia-img-lazy-loading-not-480\"  src=\"https:\/\/cofapro.be\/wp-content\/uploads\/2022\/02\/alsipercha-industrie14.jpg\" width=\"1500\" height=\"680\" title='alsipercha-industrie14' alt='alsipercha industrie'  itemprop=\"thumbnailUrl\" srcset=\"https:\/\/cofapro.be\/wp-content\/uploads\/2022\/02\/alsipercha-industrie14.jpg 1500w, https:\/\/cofapro.be\/wp-content\/uploads\/2022\/02\/alsipercha-industrie14-300x136.jpg 300w, https:\/\/cofapro.be\/wp-content\/uploads\/2022\/02\/alsipercha-industrie14-1030x467.jpg 1030w, https:\/\/cofapro.be\/wp-content\/uploads\/2022\/02\/alsipercha-industrie14-768x348.jpg 768w, https:\/\/cofapro.be\/wp-content\/uploads\/2022\/02\/alsipercha-industrie14-705x320.jpg 705w\" sizes=\"(max-width: 1500px) 100vw, 1500px\" \/><\/div><\/li><li  class='avia-slideshow-slide av-l027wk9a-f5e619b1697ab3b4d16a7988d5c2b12d__6  slide-7 ' ><div data-rel='slideshow-1' class='avia-slide-wrap '   ><img decoding=\"async\" class=\"wp-image-477 avia-img-lazy-loading-not-477\"  src=\"https:\/\/cofapro.be\/wp-content\/uploads\/2022\/02\/alsipercha-industrie13.jpg\" width=\"1500\" height=\"680\" title='alsipercha-industrie13' alt='alsipercha industrie'  itemprop=\"thumbnailUrl\" srcset=\"https:\/\/cofapro.be\/wp-content\/uploads\/2022\/02\/alsipercha-industrie13.jpg 1500w, https:\/\/cofapro.be\/wp-content\/uploads\/2022\/02\/alsipercha-industrie13-300x136.jpg 300w, https:\/\/cofapro.be\/wp-content\/uploads\/2022\/02\/alsipercha-industrie13-1030x467.jpg 1030w, https:\/\/cofapro.be\/wp-content\/uploads\/2022\/02\/alsipercha-industrie13-768x348.jpg 768w, https:\/\/cofapro.be\/wp-content\/uploads\/2022\/02\/alsipercha-industrie13-705x320.jpg 705w\" sizes=\"(max-width: 1500px) 100vw, 1500px\" \/><\/div><\/li><li  class='avia-slideshow-slide av-l027wk9a-f5e619b1697ab3b4d16a7988d5c2b12d__7  slide-8 ' ><div data-rel='slideshow-1' class='avia-slide-wrap '   ><img decoding=\"async\" class=\"wp-image-474 avia-img-lazy-loading-not-474\"  src=\"https:\/\/cofapro.be\/wp-content\/uploads\/2022\/02\/alsipercha-industrie12.jpg\" width=\"1500\" height=\"680\" title='alsipercha-industrie12' alt='alsipercha industrie'  itemprop=\"thumbnailUrl\" srcset=\"https:\/\/cofapro.be\/wp-content\/uploads\/2022\/02\/alsipercha-industrie12.jpg 1500w, https:\/\/cofapro.be\/wp-content\/uploads\/2022\/02\/alsipercha-industrie12-300x136.jpg 300w, https:\/\/cofapro.be\/wp-content\/uploads\/2022\/02\/alsipercha-industrie12-1030x467.jpg 1030w, https:\/\/cofapro.be\/wp-content\/uploads\/2022\/02\/alsipercha-industrie12-768x348.jpg 768w, https:\/\/cofapro.be\/wp-content\/uploads\/2022\/02\/alsipercha-industrie12-705x320.jpg 705w\" sizes=\"(max-width: 1500px) 100vw, 1500px\" \/><\/div><\/li><li  class='avia-slideshow-slide av-l027wk9a-f5e619b1697ab3b4d16a7988d5c2b12d__8  slide-9 ' ><div data-rel='slideshow-1' class='avia-slide-wrap '   ><img decoding=\"async\" class=\"wp-image-471 avia-img-lazy-loading-not-471\"  src=\"https:\/\/cofapro.be\/wp-content\/uploads\/2022\/02\/alsipercha-industrie8.jpg\" width=\"1500\" height=\"680\" title='alsipercha-industrie8' alt='alsipercha industrie'  itemprop=\"thumbnailUrl\" srcset=\"https:\/\/cofapro.be\/wp-content\/uploads\/2022\/02\/alsipercha-industrie8.jpg 1500w, https:\/\/cofapro.be\/wp-content\/uploads\/2022\/02\/alsipercha-industrie8-300x136.jpg 300w, https:\/\/cofapro.be\/wp-content\/uploads\/2022\/02\/alsipercha-industrie8-1030x467.jpg 1030w, https:\/\/cofapro.be\/wp-content\/uploads\/2022\/02\/alsipercha-industrie8-768x348.jpg 768w, https:\/\/cofapro.be\/wp-content\/uploads\/2022\/02\/alsipercha-industrie8-705x320.jpg 705w\" sizes=\"(max-width: 1500px) 100vw, 1500px\" \/><\/div><\/li><li  class='avia-slideshow-slide av-l027wk9a-f5e619b1697ab3b4d16a7988d5c2b12d__9  slide-10 ' ><div data-rel='slideshow-1' class='avia-slide-wrap '   ><img decoding=\"async\" class=\"wp-image-504 avia-img-lazy-loading-not-504\"  src=\"https:\/\/cofapro.be\/wp-content\/uploads\/2022\/02\/alsipercha-industrie5.jpg\" width=\"1500\" height=\"680\" title='alsipercha-industrie5' alt='alsipercha industrie'  itemprop=\"thumbnailUrl\" srcset=\"https:\/\/cofapro.be\/wp-content\/uploads\/2022\/02\/alsipercha-industrie5.jpg 1500w, https:\/\/cofapro.be\/wp-content\/uploads\/2022\/02\/alsipercha-industrie5-300x136.jpg 300w, https:\/\/cofapro.be\/wp-content\/uploads\/2022\/02\/alsipercha-industrie5-1030x467.jpg 1030w, https:\/\/cofapro.be\/wp-content\/uploads\/2022\/02\/alsipercha-industrie5-768x348.jpg 768w, https:\/\/cofapro.be\/wp-content\/uploads\/2022\/02\/alsipercha-industrie5-705x320.jpg 705w\" sizes=\"(max-width: 1500px) 100vw, 1500px\" \/><\/div><\/li><li  class='avia-slideshow-slide av-l027wk9a-f5e619b1697ab3b4d16a7988d5c2b12d__10  slide-11 ' ><div data-rel='slideshow-1' class='avia-slide-wrap '   ><img decoding=\"async\" class=\"wp-image-495 avia-img-lazy-loading-not-495\"  src=\"https:\/\/cofapro.be\/wp-content\/uploads\/2022\/02\/alsipercha-industrie15.jpg\" width=\"1200\" height=\"680\" title='alsipercha-industrie15' alt='alsipercha industrie'  itemprop=\"thumbnailUrl\" srcset=\"https:\/\/cofapro.be\/wp-content\/uploads\/2022\/02\/alsipercha-industrie15.jpg 1200w, https:\/\/cofapro.be\/wp-content\/uploads\/2022\/02\/alsipercha-industrie15-300x170.jpg 300w, https:\/\/cofapro.be\/wp-content\/uploads\/2022\/02\/alsipercha-industrie15-1030x584.jpg 1030w, https:\/\/cofapro.be\/wp-content\/uploads\/2022\/02\/alsipercha-industrie15-768x435.jpg 768w, https:\/\/cofapro.be\/wp-content\/uploads\/2022\/02\/alsipercha-industrie15-705x400.jpg 705w\" sizes=\"(max-width: 1200px) 100vw, 1200px\" \/><\/div><\/li><li  class='avia-slideshow-slide av-l027wk9a-f5e619b1697ab3b4d16a7988d5c2b12d__11  slide-12 ' ><div data-rel='slideshow-1' class='avia-slide-wrap '   ><img decoding=\"async\" class=\"wp-image-492 avia-img-lazy-loading-not-492\"  src=\"https:\/\/cofapro.be\/wp-content\/uploads\/2022\/02\/alsipercha-industrie11.jpg\" width=\"1500\" height=\"680\" title='alsipercha-industrie11' alt='alsipercha industrie'  itemprop=\"thumbnailUrl\" srcset=\"https:\/\/cofapro.be\/wp-content\/uploads\/2022\/02\/alsipercha-industrie11.jpg 1500w, https:\/\/cofapro.be\/wp-content\/uploads\/2022\/02\/alsipercha-industrie11-300x136.jpg 300w, https:\/\/cofapro.be\/wp-content\/uploads\/2022\/02\/alsipercha-industrie11-1030x467.jpg 1030w, https:\/\/cofapro.be\/wp-content\/uploads\/2022\/02\/alsipercha-industrie11-768x348.jpg 768w, https:\/\/cofapro.be\/wp-content\/uploads\/2022\/02\/alsipercha-industrie11-705x320.jpg 705w\" sizes=\"(max-width: 1500px) 100vw, 1500px\" \/><\/div><\/li><\/ul><div class='avia-slideshow-arrows avia-slideshow-controls' ><a href='#prev' class='prev-slide ' aria-hidden='true' data-av_icon='\ue87c' data-av_iconfont='entypo-fontello'  tabindex='-1'>Pr\u00e9c\u00e9dent<\/a><a href='#next' class='next-slide ' aria-hidden='true' data-av_icon='\ue87d' data-av_iconfont='entypo-fontello'  tabindex='-1'>Suivant<\/a><\/div><div class='avia-slideshow-dots avia-slideshow-controls'><a href='#1' class='goto-slide active' >1<\/a><a href='#2' class='goto-slide ' >2<\/a><a href='#3' class='goto-slide ' >3<\/a><a href='#4' class='goto-slide ' >4<\/a><a href='#5' class='goto-slide ' >5<\/a><a href='#6' class='goto-slide ' >6<\/a><a href='#7' class='goto-slide ' >7<\/a><a href='#8' class='goto-slide ' >8<\/a><a href='#9' class='goto-slide ' >9<\/a><a href='#10' class='goto-slide ' >10<\/a><a href='#11' class='goto-slide ' >11<\/a><a href='#12' class='goto-slide ' >12<\/a><\/div><\/div>\n<\/div><\/div>\n<\/div><\/p>\n<div id='av_section_2'  class='avia-section av-5wrli-00c872039f00ab2e18b73eda28d83d40 main_color avia-section-huge avia-no-border-styling  avia-builder-el-5  el_after_av_layout_row  el_before_av_section  avia-bg-style-scroll container_wrap sidebar_right'  ><div class='container av-section-cont-open' ><div class='template-page content  av-content-small alpha units'><div class='post-entry post-entry-type-page post-entry-1088'><div class='entry-content-wrapper clearfix'>\n<div class='flex_column_table av-50bxe-49d3f8a2f84d2d5a3587db3e78afdeb9 sc-av_one_third av-equal-height-column-flextable'>\n<style type=\"text\/css\" data-created_by=\"avia_inline_auto\" id=\"style-css-av-50bxe-49d3f8a2f84d2d5a3587db3e78afdeb9\">\n.flex_column.av-50bxe-49d3f8a2f84d2d5a3587db3e78afdeb9{\npadding:15px 15px 15px 15px;\n}\n<\/style>\n<div class='flex_column av-50bxe-49d3f8a2f84d2d5a3587db3e78afdeb9 av_one_third  avia-builder-el-6  el_before_av_one_third  avia-builder-el-first  first flex_column_table_cell av-equal-height-column av-align-top '   ><p>\n<style type=\"text\/css\" data-created_by=\"avia_inline_auto\" id=\"style-css-av-l027tfa1-db6103b8b3ba93b9e6e5950928d99772\">\n#top .av-special-heading.av-l027tfa1-db6103b8b3ba93b9e6e5950928d99772{\npadding-bottom:10px;\ncolor:#6fb634;\nfont-size:35px;\n}\nbody .av-special-heading.av-l027tfa1-db6103b8b3ba93b9e6e5950928d99772 .av-special-heading-tag .heading-char{\nfont-size:25px;\n}\n#top #wrap_all .av-special-heading.av-l027tfa1-db6103b8b3ba93b9e6e5950928d99772 .av-special-heading-tag{\nfont-size:35px;\n}\n.av-special-heading.av-l027tfa1-db6103b8b3ba93b9e6e5950928d99772 .special-heading-inner-border{\nborder-color:#6fb634;\n}\n.av-special-heading.av-l027tfa1-db6103b8b3ba93b9e6e5950928d99772 .av-subheading{\nfont-size:15px;\n}\n<\/style>\n<div  class='av-special-heading av-l027tfa1-db6103b8b3ba93b9e6e5950928d99772 av-special-heading-h2 custom-color-heading blockquote modern-quote  avia-builder-el-7  el_before_av_hr  avia-builder-el-first  av-inherit-size'><h2 class='av-special-heading-tag'  itemprop=\"headline\"  >ASSURAGE PAR LE HAUT DANS TOUTES LES SITUATIONS<\/h2><div class=\"special-heading-border\"><div class=\"special-heading-inner-border\"><\/div><\/div><\/div><br \/>\n\n<style type=\"text\/css\" data-created_by=\"avia_inline_auto\" id=\"style-css-av-4cweq-fe8eb23de82b4ade199c89119a9b03b9\">\n#top .hr.av-4cweq-fe8eb23de82b4ade199c89119a9b03b9{\nmargin-top:5px;\nmargin-bottom:5px;\n}\n.hr.av-4cweq-fe8eb23de82b4ade199c89119a9b03b9 .hr-inner{\nwidth:200px;\nborder-color:#0a0a0a;\n}\n<\/style>\n<div  class='hr av-4cweq-fe8eb23de82b4ade199c89119a9b03b9 hr-custom  avia-builder-el-8  el_after_av_heading  avia-builder-el-last  line-fat hr-left hr-icon-no'><span class='hr-inner inner-border-av-border-fat'><span class=\"hr-inner-style\"><\/span><\/span><\/div><\/p><\/div><div class='av-flex-placeholder'><\/div><div class='flex_column av-3mvg6-b29e635d75e9c3880f4c441207e7e5bb av_one_third  avia-builder-el-9  el_after_av_one_third  el_before_av_one_third  flex_column_table_cell av-equal-height-column av-align-top '   ><section  class='av_textblock_section av-l027t3un-d7804213c90476e3da1a66cecf7240bd'  itemscope=\"itemscope\" itemtype=\"https:\/\/schema.org\/CreativeWork\" ><div class='avia_textblock'  itemprop=\"text\" ><p>Ce syst\u00e8me offre une solution unique pour toutes sortes de situations dangereuses, gr\u00e2ce \u00e0 un assurage par le haut. L&#8217;unit\u00e9 Alsipercha peut \u00eatre mise en place de diff\u00e9rentes mani\u00e8res et une fois install\u00e9e, peut pivoter \u00e0 360\u00b0. Un syst\u00e8me de pince pour poutre en acier, un tr\u00e9pied, un poteau pour les petits espaces et des contrepoids pour une installation autonome sont ainsi disponibles. Un syst\u00e8me d&#8217;amortissement int\u00e9gr\u00e9 unique att\u00e9nue consid\u00e9rablement la force de la chute. Une m\u00eame unit\u00e9 permet d&#8217;assurer deux personnes. Deux mod\u00e8les sont disponibles\u00a0: une version en acier de 79\u00a0kg, qui ne se d\u00e9forme pas en cas de chute, et une version en aluminium de 19\u00a0kg seulement, qui peut \u00eatre d\u00e9plac\u00e9e facilement sans grue ni mat\u00e9riel de levage.<\/p>\n<\/div><\/section><\/div><div class='av-flex-placeholder'><\/div><div class='flex_column av-3566i-87dc667e5a2e8624f3a195cdc462e751 av_one_third  avia-builder-el-11  el_after_av_one_third  avia-builder-el-last  flex_column_table_cell av-equal-height-column av-align-top '   ><section  class='av_textblock_section av-l027t5q9-2527adeed855076010a9e721aa8c03ce'  itemscope=\"itemscope\" itemtype=\"https:\/\/schema.org\/CreativeWork\" ><div class='avia_textblock'  itemprop=\"text\" ><p>Plusieurs unit\u00e9s Alsipercha peuvent \u00e9galement \u00eatre reli\u00e9es entre elles \u00e0 l&#8217;aide d&#8217;un syst\u00e8me de rail. Les utilisateurs peuvent ainsi couvrir une (plus) grande distance tout en \u00e9tant assur\u00e9s par le haut. Le syst\u00e8me peut constituer une solution id\u00e9ale pour le chargement de camions, le nettoyage de citernes, la r\u00e9paration de conteneurs et l&#8217;entretien de machines et de v\u00e9hicules. Le syst\u00e8me d&#8217;assurage suspendu Alsipercha est conforme \u00e0 la norme europ\u00e9enne EN\u00a0795. Cofapro distribue et installe les syst\u00e8mes Alsipercha sur le march\u00e9 belge.<\/p>\n<\/div><\/section><\/div><\/div><!--close column table wrapper. Autoclose: 1 --><\/div><\/div><\/div><!-- close content main div --><\/div><\/div>\n<style type=\"text\/css\" data-created_by=\"avia_inline_auto\" id=\"style-css-av-av_section-331c948f53ddb9320da76ec63982a8c8\">\n.avia-section.av-av_section-331c948f53ddb9320da76ec63982a8c8{\nbackground-repeat:no-repeat;\nbackground-image:url(https:\/\/cofapro.be\/wp-content\/uploads\/2022\/02\/cofa-call-to-action.jpg);\nbackground-position:50% 50%;\nbackground-attachment:scroll;\n}\n.avia-section.av-av_section-331c948f53ddb9320da76ec63982a8c8 .av-section-color-overlay{\nopacity:0.2;\nbackground-color:#232323;\n}\n<\/style>\n<div id='av_section_3'  class='avia-section av-av_section-331c948f53ddb9320da76ec63982a8c8 main_color avia-section-huge avia-no-border-styling  avia-builder-el-13  el_after_av_section  avia-builder-el-last  avia-full-stretch avia-bg-style-scroll av-section-color-overlay-active container_wrap sidebar_right'  data-section-bg-repeat='stretch'><div class=\"av-section-color-overlay-wrap\"><div class=\"av-section-color-overlay\"><\/div><div class='container av-section-cont-open' ><div class='template-page content  av-content-small alpha units'><div class='post-entry post-entry-type-page post-entry-1088'><div class='entry-content-wrapper clearfix'>\n\n<style type=\"text\/css\" data-created_by=\"avia_inline_auto\" id=\"style-css-av-av_two_third-6d4b1015a376c192efe3743a7512fc0a\">\n.flex_column.av-av_two_third-6d4b1015a376c192efe3743a7512fc0a{\npadding:35px 35px 35px 35px;\nbackground-color:rgba(0,0,0,0.5);\n}\n<\/style>\n<div class='flex_column av-av_two_third-6d4b1015a376c192efe3743a7512fc0a av_two_third  avia-builder-el-14  avia-builder-el-no-sibling  first av-break-at-tablet flex_column_div '   ><p>\n<style type=\"text\/css\" data-created_by=\"avia_inline_auto\" id=\"style-css-av-av_heading-edc0fc8468f4b3479c40f1e22f4333b7\">\n#top .av-special-heading.av-av_heading-edc0fc8468f4b3479c40f1e22f4333b7{\npadding-bottom:20px;\ncolor:#ffffff;\nfont-size:30px;\n}\nbody .av-special-heading.av-av_heading-edc0fc8468f4b3479c40f1e22f4333b7 .av-special-heading-tag .heading-char{\nfont-size:25px;\n}\n#top #wrap_all .av-special-heading.av-av_heading-edc0fc8468f4b3479c40f1e22f4333b7 .av-special-heading-tag{\nfont-size:30px;\n}\n.av-special-heading.av-av_heading-edc0fc8468f4b3479c40f1e22f4333b7 .special-heading-inner-border{\nborder-color:#ffffff;\n}\n.av-special-heading.av-av_heading-edc0fc8468f4b3479c40f1e22f4333b7 .av-subheading{\nfont-size:15px;\n}\n<\/style>\n<div  class='av-special-heading av-av_heading-edc0fc8468f4b3479c40f1e22f4333b7 av-special-heading-h3 custom-color-heading blockquote modern-quote  avia-builder-el-15  el_before_av_button  avia-builder-el-first  av-inherit-size'><h3 class='av-special-heading-tag'  itemprop=\"headline\"  >Une vaste gamme de solutions de haute qualit\u00e9 est la base de notre solide service.<\/h3><div class=\"special-heading-border\"><div class=\"special-heading-inner-border\"><\/div><\/div><\/div><br \/>\n<div  class='avia-button-wrap avia-button-left  avia-builder-el-16  el_after_av_heading  avia-builder-el-last ' >\n<style type=\"text\/css\" data-created_by=\"avia_inline_auto\" id=\"style-css-av-av_button-613fbcedf3c86ff42466c7a572fa2459\">\n#top #wrap_all .avia-button.av-av_button-613fbcedf3c86ff42466c7a572fa2459{\nbackground-color:#6fb634;\nborder-color:#6fb634;\ncolor:#ffffff;\ntransition:all 0.4s ease-in-out;\n-webkit-transition:all 0.4s ease-in-out;\n-moz-transition:all 0.4s ease-in-out;\n-ms-transition:all 0.4s ease-in-out;\n-o-transition:all 0.4s ease-in-out;\n}\n<\/style>\n<a href='https:\/\/cofapro.be\/fr\/a-propos-de-nous\/'  class='avia-button av-av_button-613fbcedf3c86ff42466c7a572fa2459 avia-icon_select-no avia-size-large avia-position-left'  target=\"_blank\"  rel=\"noopener noreferrer\"><span class='avia_iconbox_title' >CONTACTEZ-NOUS<\/span><\/a><\/div><\/p><\/div>\n<\/div><\/div><\/div><!-- close content main div --><\/div><\/div><\/div><div id='after_section_3'  class='main_color av_default_container_wrap container_wrap sidebar_right'  ><div class='container av-section-cont-open' ><div class='template-page content  av-content-small alpha units'><div class='post-entry post-entry-type-page post-entry-1088'><div class='entry-content-wrapper clearfix'><\/p>\n","protected":false},"excerpt":{"rendered":"","protected":false},"author":1,"featured_media":0,"parent":1049,"menu_order":8,"comment_status":"closed","ping_status":"closed","template":"","meta":{"footnotes":""},"class_list":["post-1088","page","type-page","status-publish","hentry"],"_links":{"self":[{"href":"https:\/\/cofapro.be\/fr\/wp-json\/wp\/v2\/pages\/1088","targetHints":{"allow":["GET"]}}],"collection":[{"href":"https:\/\/cofapro.be\/fr\/wp-json\/wp\/v2\/pages"}],"about":[{"href":"https:\/\/cofapro.be\/fr\/wp-json\/wp\/v2\/types\/page"}],"author":[{"embeddable":true,"href":"https:\/\/cofapro.be\/fr\/wp-json\/wp\/v2\/users\/1"}],"replies":[{"embeddable":true,"href":"https:\/\/cofapro.be\/fr\/wp-json\/wp\/v2\/comments?post=1088"}],"version-history":[{"count":5,"href":"https:\/\/cofapro.be\/fr\/wp-json\/wp\/v2\/pages\/1088\/revisions"}],"predecessor-version":[{"id":1090,"href":"https:\/\/cofapro.be\/fr\/wp-json\/wp\/v2\/pages\/1088\/revisions\/1090"}],"up":[{"embeddable":true,"href":"https:\/\/cofapro.be\/fr\/wp-json\/wp\/v2\/pages\/1049"}],"wp:attachment":[{"href":"https:\/\/cofapro.be\/fr\/wp-json\/wp\/v2\/media?parent=1088"}],"curies":[{"name":"wp","href":"https:\/\/api.w.org\/{rel}","templated":true}]}}