{"id":1042,"date":"2022-02-01T13:49:49","date_gmt":"2022-02-01T13:49:49","guid":{"rendered":"https:\/\/cofapro.be\/home\/"},"modified":"2022-02-14T13:01:32","modified_gmt":"2022-02-14T13:01:32","slug":"accueil","status":"publish","type":"page","link":"https:\/\/cofapro.be\/fr\/","title":{"rendered":"Accueil"},"content":{"rendered":"\n<style type=\"text\/css\" data-created_by=\"avia_inline_auto\" id=\"style-css-av-kz46yz8u-63096101815b28c8600cdedb1530dc34\">\n.avia-section.av-kz46yz8u-63096101815b28c8600cdedb1530dc34{\nbackground-repeat:no-repeat;\nbackground-image:url(https:\/\/cofapro.be\/wp-content\/uploads\/2022\/02\/IMG_4677-scaled.jpg);\nbackground-position:50% 50%;\nbackground-attachment:scroll;\n}\n#top .avia-section.av-kz46yz8u-63096101815b28c8600cdedb1530dc34 .scroll-down-link{\ncolor:#ffffff;\n}\n<\/style>\n<div id='av_section_1'  class='avia-section av-kz46yz8u-63096101815b28c8600cdedb1530dc34 main_color avia-section-default avia-no-border-styling  avia-builder-el-0  el_before_av_section  avia-builder-el-first  avia-full-stretch avia-bg-style-scroll av-minimum-height av-minimum-height-50  container_wrap sidebar_right'  data-section-bg-repeat='stretch' data-av_minimum_height_pc='50'><div class=\"av-section-color-overlay-wrap\"><a href='#next-section' title='' class='scroll-down-link av-custom-scroll-down-color' aria-hidden='true' data-av_icon='\ue877' data-av_iconfont='entypo-fontello'><\/a><div class='container av-section-cont-open' ><main  role=\"main\" itemprop=\"mainContentOfPage\"  class='template-page content  av-content-small alpha units'><div class='post-entry post-entry-type-page post-entry-1042'><div class='entry-content-wrapper clearfix'>\n\n<style type=\"text\/css\" data-created_by=\"avia_inline_auto\" id=\"style-css-av-kz5nba11-7056ad930b02afaf0d339ceed1829090\">\n.flex_column.av-kz5nba11-7056ad930b02afaf0d339ceed1829090{\npadding:35px 35px 35px 35px;\nbackground-color:rgba(0,0,0,0.4);\n}\n<\/style>\n<div class='flex_column av-kz5nba11-7056ad930b02afaf0d339ceed1829090 av_one_full  avia-builder-el-1  avia-builder-el-no-sibling  first flex_column_div '   ><style type=\"text\/css\" data-created_by=\"avia_inline_auto\" id=\"style-css-av-kz46zvj6-23846287c2bf8ecdd2b3ade85d5131e3\">\n#top .av-special-heading.av-kz46zvj6-23846287c2bf8ecdd2b3ade85d5131e3{\npadding-bottom:10px;\ncolor:#ffffff;\nfont-size:45px;\n}\nbody .av-special-heading.av-kz46zvj6-23846287c2bf8ecdd2b3ade85d5131e3 .av-special-heading-tag .heading-char{\nfont-size:25px;\n}\n#top #wrap_all .av-special-heading.av-kz46zvj6-23846287c2bf8ecdd2b3ade85d5131e3 .av-special-heading-tag{\nfont-size:45px;\n}\n.av-special-heading.av-kz46zvj6-23846287c2bf8ecdd2b3ade85d5131e3 .special-heading-inner-border{\nborder-color:#ffffff;\n}\n.av-special-heading.av-kz46zvj6-23846287c2bf8ecdd2b3ade85d5131e3 .av-subheading{\nfont-size:15px;\n}\n<\/style>\n<div  class='av-special-heading av-kz46zvj6-23846287c2bf8ecdd2b3ade85d5131e3 av-special-heading-h1 custom-color-heading blockquote modern-quote modern-centered  avia-builder-el-2  avia-builder-el-no-sibling  av-inherit-size'><h1 class='av-special-heading-tag'  itemprop=\"headline\"  >Produits de construction<br \/>\net de protection contre les chutes<\/h1><div class='av_custom_color av-subheading av-subheading_below'><p>Sp\u00e9cialiste dans deux domaines du secteur de la construction:<\/p>\n<\/div><div class=\"special-heading-border\"><div class=\"special-heading-inner-border\"><\/div><\/div><\/div><\/div><\/div><\/div><\/main><!-- close content main element --><\/div><\/div><\/div><div id='home-services'  class='avia-section av-5s4e-4e295769bd91eb76201bc0c328bde11d main_color avia-section-large avia-no-border-styling  avia-builder-el-3  el_after_av_section  el_before_av_section  avia-bg-style-scroll container_wrap sidebar_right'  ><div class='container av-section-cont-open' ><div class='template-page content  av-content-small alpha units'><div class='post-entry post-entry-type-page post-entry-1042'><div class='entry-content-wrapper clearfix'>\n<div class='flex_column_table av-14tdy-fd74a34e9f56a1f073e4b32809892844 sc-av_one_half av-break-at-tablet-flextable av-equal-height-column-flextable'>\n<style type=\"text\/css\" data-created_by=\"avia_inline_auto\" id=\"style-css-av-14tdy-fd74a34e9f56a1f073e4b32809892844\">\n.flex_column.av-14tdy-fd74a34e9f56a1f073e4b32809892844{\nwidth:48.5%;\nmargin-left:0;\nborder-radius:35px 10px 35px 10px;\n-webkit-border-radius:35px 10px 35px 10px;\n-moz-border-radius:35px 10px 35px 10px;\npadding:35px 35px 35px 35px;\nbackground-color:#f5f5f5;\n}\n#top .flex_column_table.av-equal-height-column-flextable.av-14tdy-fd74a34e9f56a1f073e4b32809892844 .av-flex-placeholder{\nwidth:3%;\n}\n<\/style>\n<div class='flex_column av-14tdy-fd74a34e9f56a1f073e4b32809892844 av_one_half  avia-builder-el-4  el_before_av_one_half  avia-builder-el-first  first av-break-at-tablet flex_column_table_cell av-equal-height-column av-align-top avia-link-column av-column-link '  data-link-column-url=\"https:\/\/cofapro.be\/daktoebehoren\/\"   ><a class=\"av-screen-reader-only\" href=https:\/\/cofapro.be\/daktoebehoren\/ >Lier vers : Daktoebehoren<\/a><p>\n<style type=\"text\/css\" data-created_by=\"avia_inline_auto\" id=\"style-css-av-kz47co89-7bb1630904de7bd75ee376cfeec59006\">\n#top .av-special-heading.av-kz47co89-7bb1630904de7bd75ee376cfeec59006{\npadding-bottom:0px;\n}\nbody .av-special-heading.av-kz47co89-7bb1630904de7bd75ee376cfeec59006 .av-special-heading-tag .heading-char{\nfont-size:25px;\n}\n.av-special-heading.av-kz47co89-7bb1630904de7bd75ee376cfeec59006 .av-subheading{\nfont-size:15px;\n}\n<\/style>\n<div  class='av-special-heading av-kz47co89-7bb1630904de7bd75ee376cfeec59006 av-special-heading-h2 blockquote modern-quote  avia-builder-el-5  el_before_av_hr  avia-builder-el-first '><h2 class='av-special-heading-tag'  itemprop=\"headline\"  >Accessoires de toit<\/h2><div class=\"special-heading-border\"><div class=\"special-heading-inner-border\"><\/div><\/div><\/div><br \/>\n\n<style type=\"text\/css\" data-created_by=\"avia_inline_auto\" id=\"style-css-av-1ijda-8cb1c95464c03db3429be807c799a9c1\">\n#top .hr.av-1ijda-8cb1c95464c03db3429be807c799a9c1{\nmargin-top:5px;\nmargin-bottom:15px;\n}\n.hr.av-1ijda-8cb1c95464c03db3429be807c799a9c1 .hr-inner{\nwidth:125px;\nborder-color:#6fb634;\n}\n<\/style>\n<div  class='hr av-1ijda-8cb1c95464c03db3429be807c799a9c1 hr-custom  avia-builder-el-6  el_after_av_heading  el_before_av_image  hr-left hr-icon-no'><span class='hr-inner inner-border-av-border-fat'><span class=\"hr-inner-style\"><\/span><\/span><\/div><br \/>\n\n<style type=\"text\/css\" data-created_by=\"avia_inline_auto\" id=\"style-css-av-kz47fhbl-7c03948970a3154c68afd733e1ea353f\">\n.avia-image-container.av-kz47fhbl-7c03948970a3154c68afd733e1ea353f .av-image-caption-overlay-center{\ncolor:#ffffff;\n}\n<\/style>\n<div  class='avia-image-container av-kz47fhbl-7c03948970a3154c68afd733e1ea353f av-styling-no-styling avia-align-center  avia-builder-el-7  el_after_av_hr  el_before_av_hr '  itemprop=\"image\" itemscope=\"itemscope\" itemtype=\"https:\/\/schema.org\/ImageObject\" ><div class=\"avia-image-container-inner\"><div class=\"avia-image-overlay-wrap\"><img decoding=\"async\" class='wp-image-95 avia-img-lazy-loading-not-95 avia_image' src=\"https:\/\/cofapro.be\/wp-content\/uploads\/2022\/02\/cofapro-daktoebehoren.jpg\" alt='cofapro daktoebehoren' title='cofapro daktoebehoren'  height=\"683\" width=\"1024\"  itemprop=\"thumbnailUrl\" srcset=\"https:\/\/cofapro.be\/wp-content\/uploads\/2022\/02\/cofapro-daktoebehoren.jpg 1024w, https:\/\/cofapro.be\/wp-content\/uploads\/2022\/02\/cofapro-daktoebehoren-300x200.jpg 300w, https:\/\/cofapro.be\/wp-content\/uploads\/2022\/02\/cofapro-daktoebehoren-768x512.jpg 768w, https:\/\/cofapro.be\/wp-content\/uploads\/2022\/02\/cofapro-daktoebehoren-705x470.jpg 705w\" sizes=\"(max-width: 1024px) 100vw, 1024px\" \/><\/div><\/div><\/div><br \/>\n\n<style type=\"text\/css\" data-created_by=\"avia_inline_auto\" id=\"style-css-av-qdei-94413da73cc09a63965a7b8fb469dad9\">\n#top .hr.hr-invisible.av-qdei-94413da73cc09a63965a7b8fb469dad9{\nheight:15px;\n}\n<\/style>\n<div  class='hr av-qdei-94413da73cc09a63965a7b8fb469dad9 hr-invisible  avia-builder-el-8  el_after_av_image  el_before_av_textblock '><span class='hr-inner '><span class=\"hr-inner-style\"><\/span><\/span><\/div><br \/>\n<section  class='av_textblock_section av-kz47ctp9-c0321c052dbc9ea5c43c83f2ebc26303'  itemscope=\"itemscope\" itemtype=\"https:\/\/schema.org\/CreativeWork\" ><div class='avia_textblock'  itemprop=\"text\" ><p>Le d\u00e9partement Products \u00e9tudie les divers besoins en mati\u00e8re de travaux au niveau du toit. Nous d\u00e9veloppons ainsi des accessoires pour la construction, qui permettent de cr\u00e9er des raccords s\u00fbrs et de qualit\u00e9 avec le toit\u00a0: fa\u00e7ade, sanitaires, HVAC, \u00e9nergie verte, ancrages, s\u00e9curit\u00e9&#8230;<\/p>\n<\/div><\/section><br \/>\n<div  class='avia-button-wrap avia-button-left  avia-builder-el-10  el_after_av_textblock  avia-builder-el-last ' >\n<style type=\"text\/css\" data-created_by=\"avia_inline_auto\" id=\"style-css-av-62je-03ed41b51741b442cd30b76beb07e3ad\">\n#top #wrap_all .avia-button.av-62je-03ed41b51741b442cd30b76beb07e3ad{\nbackground-color:#6fb634;\nborder-color:#6fb634;\ncolor:#ffffff;\ntransition:all 0.4s ease-in-out;\n-webkit-transition:all 0.4s ease-in-out;\n-moz-transition:all 0.4s ease-in-out;\n-ms-transition:all 0.4s ease-in-out;\n-o-transition:all 0.4s ease-in-out;\n}\n<\/style>\n<a href='https:\/\/cofapro.be\/fr\/'  class='avia-button av-62je-03ed41b51741b442cd30b76beb07e3ad avia-icon_select-no avia-size-large avia-position-left'  target=\"_blank\"  rel=\"noopener noreferrer\"><span class='avia_iconbox_title' >En savoir plus<\/span><\/a><\/div><\/p><\/div><div class='av-flex-placeholder'><\/div>\n<style type=\"text\/css\" data-created_by=\"avia_inline_auto\" id=\"style-css-av-vhcq-f2c0385f4ab15a4d90daeba4e18c2dbc\">\n.flex_column.av-vhcq-f2c0385f4ab15a4d90daeba4e18c2dbc{\nwidth:48.5%;\nmargin-left:0;\nborder-radius:35px 10px 35px 10px;\n-webkit-border-radius:35px 10px 35px 10px;\n-moz-border-radius:35px 10px 35px 10px;\npadding:35px 35px 35px 35px;\nbackground-color:#f5f5f5;\n}\n#top .flex_column_table.av-equal-height-column-flextable.av-vhcq-f2c0385f4ab15a4d90daeba4e18c2dbc .av-flex-placeholder{\nwidth:3%;\n}\n<\/style>\n<div class='flex_column av-vhcq-f2c0385f4ab15a4d90daeba4e18c2dbc av_one_half  avia-builder-el-11  el_after_av_one_half  avia-builder-el-last  av-break-at-tablet flex_column_table_cell av-equal-height-column av-align-top avia-link-column av-column-link '  data-link-column-url=\"https:\/\/cofapro.be\/valbeveiliging\/\"   ><a class=\"av-screen-reader-only\" href=https:\/\/cofapro.be\/valbeveiliging\/ >Lier vers : Valbeveiliging<\/a><p>\n<style type=\"text\/css\" data-created_by=\"avia_inline_auto\" id=\"style-css-av-kz47goo0-ee27e3ef55332080891b15fc09a84989\">\n#top .av-special-heading.av-kz47goo0-ee27e3ef55332080891b15fc09a84989{\npadding-bottom:0px;\n}\nbody .av-special-heading.av-kz47goo0-ee27e3ef55332080891b15fc09a84989 .av-special-heading-tag .heading-char{\nfont-size:25px;\n}\n.av-special-heading.av-kz47goo0-ee27e3ef55332080891b15fc09a84989 .av-subheading{\nfont-size:15px;\n}\n<\/style>\n<div  class='av-special-heading av-kz47goo0-ee27e3ef55332080891b15fc09a84989 av-special-heading-h2 blockquote modern-quote  avia-builder-el-12  el_before_av_hr  avia-builder-el-first '><h2 class='av-special-heading-tag'  itemprop=\"headline\"  >Protection antichute<\/h2><div class=\"special-heading-border\"><div class=\"special-heading-inner-border\"><\/div><\/div><\/div><br \/>\n\n<style type=\"text\/css\" data-created_by=\"avia_inline_auto\" id=\"style-css-av-kz5ops4s-e906964565d3ff7d881af2b37d0826cb\">\n#top .hr.av-kz5ops4s-e906964565d3ff7d881af2b37d0826cb{\nmargin-top:5px;\nmargin-bottom:15px;\n}\n.hr.av-kz5ops4s-e906964565d3ff7d881af2b37d0826cb .hr-inner{\nwidth:125px;\nborder-color:#6fb634;\n}\n<\/style>\n<div  class='hr av-kz5ops4s-e906964565d3ff7d881af2b37d0826cb hr-custom  avia-builder-el-13  el_after_av_heading  el_before_av_image  hr-left hr-icon-no'><span class='hr-inner inner-border-av-border-fat'><span class=\"hr-inner-style\"><\/span><\/span><\/div><br \/>\n\n<style type=\"text\/css\" data-created_by=\"avia_inline_auto\" id=\"style-css-av-kz47h96y-8234a35cc46f10480ba3a92c0590d6e5\">\n.avia-image-container.av-kz47h96y-8234a35cc46f10480ba3a92c0590d6e5 .av-image-caption-overlay-center{\ncolor:#ffffff;\n}\n<\/style>\n<div  class='avia-image-container av-kz47h96y-8234a35cc46f10480ba3a92c0590d6e5 av-styling-no-styling avia-align-center  avia-builder-el-14  el_after_av_hr  el_before_av_hr '  itemprop=\"image\" itemscope=\"itemscope\" itemtype=\"https:\/\/schema.org\/ImageObject\" ><div class=\"avia-image-container-inner\"><div class=\"avia-image-overlay-wrap\"><img decoding=\"async\" class='wp-image-99 avia-img-lazy-loading-not-99 avia_image' src=\"https:\/\/cofapro.be\/wp-content\/uploads\/2022\/02\/Pagina-persoonlijke-valbeveiliging-foto-1-1024x768-1.jpg\" alt='Pagina persoonlijke valbeveiliging foto' title='Pagina-persoonlijke-valbeveiliging-foto-1-1024x768'  height=\"682\" width=\"1023\"  itemprop=\"thumbnailUrl\" srcset=\"https:\/\/cofapro.be\/wp-content\/uploads\/2022\/02\/Pagina-persoonlijke-valbeveiliging-foto-1-1024x768-1.jpg 1023w, https:\/\/cofapro.be\/wp-content\/uploads\/2022\/02\/Pagina-persoonlijke-valbeveiliging-foto-1-1024x768-1-300x200.jpg 300w, https:\/\/cofapro.be\/wp-content\/uploads\/2022\/02\/Pagina-persoonlijke-valbeveiliging-foto-1-1024x768-1-768x512.jpg 768w, https:\/\/cofapro.be\/wp-content\/uploads\/2022\/02\/Pagina-persoonlijke-valbeveiliging-foto-1-1024x768-1-705x470.jpg 705w\" sizes=\"(max-width: 1023px) 100vw, 1023px\" \/><\/div><\/div><\/div><br \/>\n\n<style type=\"text\/css\" data-created_by=\"avia_inline_auto\" id=\"style-css-av-155fa-207b070651b21b4002ba7e7525346e3e\">\n#top .hr.hr-invisible.av-155fa-207b070651b21b4002ba7e7525346e3e{\nheight:15px;\n}\n<\/style>\n<div  class='hr av-155fa-207b070651b21b4002ba7e7525346e3e hr-invisible  avia-builder-el-15  el_after_av_image  el_before_av_textblock '><span class='hr-inner '><span class=\"hr-inner-style\"><\/span><\/span><\/div><br \/>\n<section  class='av_textblock_section av-kz47he1l-bb0a84e9ccef0663218bd822b1d91589'  itemscope=\"itemscope\" itemtype=\"https:\/\/schema.org\/CreativeWork\" ><div class='avia_textblock'  itemprop=\"text\" ><p>Le d\u00e9partement Fall Protection est sp\u00e9cialis\u00e9 dans la fourniture et la pose de syst\u00e8mes de protection contre les chutes, sur les toits, mais aussi dans d&#8217;autres contextes o\u00f9 il doit \u00eatre possible de travailler en toute s\u00e9curit\u00e9 en hauteur. Nous proposons des solutions sur mesure pour les constructions neuves ou existantes.<\/p>\n<\/div><\/section><br \/>\n<div  class='avia-button-wrap avia-button-left  avia-builder-el-17  el_after_av_textblock  avia-builder-el-last ' >\n<style type=\"text\/css\" data-created_by=\"avia_inline_auto\" id=\"style-css-av-kz47hm9j-ad65b56ff55895094cf857e959b686e2\">\n#top #wrap_all .avia-button.av-kz47hm9j-ad65b56ff55895094cf857e959b686e2{\nbackground-color:#6fb634;\nborder-color:#6fb634;\ncolor:#ffffff;\ntransition:all 0.4s ease-in-out;\n-webkit-transition:all 0.4s ease-in-out;\n-moz-transition:all 0.4s ease-in-out;\n-ms-transition:all 0.4s ease-in-out;\n-o-transition:all 0.4s ease-in-out;\n}\n<\/style>\n<a href='https:\/\/cofapro.be\/fr\/'  class='avia-button av-kz47hm9j-ad65b56ff55895094cf857e959b686e2 avia-icon_select-no avia-size-large avia-position-left'  target=\"_blank\"  rel=\"noopener noreferrer\"><span class='avia_iconbox_title' >En savoir plus<\/span><\/a><\/div><\/p><\/div><\/div><!--close column table wrapper. Autoclose: 1 --><\/div><\/div><\/div><!-- close content main div --><\/div><\/div>\n<style type=\"text\/css\" data-created_by=\"avia_inline_auto\" id=\"style-css-av-kz47jgn8-b25bd41cd59b1d2d63632801679c7dfc\">\n.avia-section.av-kz47jgn8-b25bd41cd59b1d2d63632801679c7dfc{\nbackground-repeat:no-repeat;\nbackground-image:url(https:\/\/cofapro.be\/wp-content\/uploads\/2022\/02\/cofa-call-to-action.jpg);\nbackground-position:50% 50%;\nbackground-attachment:scroll;\n}\n.avia-section.av-kz47jgn8-b25bd41cd59b1d2d63632801679c7dfc .av-section-color-overlay{\nopacity:0.2;\nbackground-color:#232323;\n}\n<\/style>\n<div id='av_section_3'  class='avia-section av-kz47jgn8-b25bd41cd59b1d2d63632801679c7dfc main_color avia-section-huge avia-no-border-styling  avia-builder-el-18  el_after_av_section  avia-builder-el-last  avia-full-stretch avia-bg-style-scroll av-section-color-overlay-active container_wrap sidebar_right'  data-section-bg-repeat='stretch'><div class=\"av-section-color-overlay-wrap\"><div class=\"av-section-color-overlay\"><\/div><div class='container av-section-cont-open' ><div class='template-page content  av-content-small alpha units'><div class='post-entry post-entry-type-page post-entry-1042'><div class='entry-content-wrapper clearfix'>\n\n<style type=\"text\/css\" data-created_by=\"avia_inline_auto\" id=\"style-css-av-kz47lzj6-8677c1cea1dbe2c6df5bd77ececcd467\">\n.flex_column.av-kz47lzj6-8677c1cea1dbe2c6df5bd77ececcd467{\npadding:35px 35px 35px 35px;\nbackground-color:rgba(0,0,0,0.5);\n}\n<\/style>\n<div class='flex_column av-kz47lzj6-8677c1cea1dbe2c6df5bd77ececcd467 av_two_third  avia-builder-el-19  avia-builder-el-no-sibling  first av-break-at-tablet flex_column_div '   ><p>\n<style type=\"text\/css\" data-created_by=\"avia_inline_auto\" id=\"style-css-av-kz47ljh5-c4fa5bf2f8bcf7e80eab81cef94fcc12\">\n#top .av-special-heading.av-kz47ljh5-c4fa5bf2f8bcf7e80eab81cef94fcc12{\npadding-bottom:20px;\ncolor:#ffffff;\nfont-size:30px;\n}\nbody .av-special-heading.av-kz47ljh5-c4fa5bf2f8bcf7e80eab81cef94fcc12 .av-special-heading-tag .heading-char{\nfont-size:25px;\n}\n#top #wrap_all .av-special-heading.av-kz47ljh5-c4fa5bf2f8bcf7e80eab81cef94fcc12 .av-special-heading-tag{\nfont-size:30px;\n}\n.av-special-heading.av-kz47ljh5-c4fa5bf2f8bcf7e80eab81cef94fcc12 .special-heading-inner-border{\nborder-color:#ffffff;\n}\n.av-special-heading.av-kz47ljh5-c4fa5bf2f8bcf7e80eab81cef94fcc12 .av-subheading{\nfont-size:15px;\n}\n<\/style>\n<div  class='av-special-heading av-kz47ljh5-c4fa5bf2f8bcf7e80eab81cef94fcc12 av-special-heading-h3 custom-color-heading blockquote modern-quote  avia-builder-el-20  el_before_av_button  avia-builder-el-first  av-inherit-size'><h3 class='av-special-heading-tag'  itemprop=\"headline\"  >Un service comp\u00e9tent bas\u00e9 sur un large \u00e9ventail de solutions de qualit\u00e9.<\/h3><div class=\"special-heading-border\"><div class=\"special-heading-inner-border\"><\/div><\/div><\/div><br \/>\n<div  class='avia-button-wrap avia-button-left  avia-builder-el-21  el_after_av_heading  avia-builder-el-last ' >\n<style type=\"text\/css\" data-created_by=\"avia_inline_auto\" id=\"style-css-av-kz47dvhv-872fb1c1646eb84d1fd1fc9889756601\">\n#top #wrap_all .avia-button.av-kz47dvhv-872fb1c1646eb84d1fd1fc9889756601{\nbackground-color:#6fb634;\nborder-color:#6fb634;\ncolor:#ffffff;\ntransition:all 0.4s ease-in-out;\n-webkit-transition:all 0.4s ease-in-out;\n-moz-transition:all 0.4s ease-in-out;\n-ms-transition:all 0.4s ease-in-out;\n-o-transition:all 0.4s ease-in-out;\n}\n<\/style>\n<a href='https:\/\/cofapro.be\/fr\/'  class='avia-button av-kz47dvhv-872fb1c1646eb84d1fd1fc9889756601 avia-icon_select-no avia-size-large avia-position-left'  target=\"_blank\"  rel=\"noopener noreferrer\"><span class='avia_iconbox_title' >CONTACTEZ-NOUS <\/span><\/a><\/div><\/p><\/div><\/div><\/div><\/div><!-- close content main div --><\/div><\/div><\/div><div id='after_section_3'  class='main_color av_default_container_wrap container_wrap sidebar_right'  ><div class='container av-section-cont-open' ><div class='template-page content  av-content-small alpha units'><div class='post-entry post-entry-type-page post-entry-1042'><div class='entry-content-wrapper clearfix'><\/p>\n","protected":false},"excerpt":{"rendered":"","protected":false},"author":1,"featured_media":0,"parent":0,"menu_order":2,"comment_status":"closed","ping_status":"closed","template":"","meta":{"footnotes":""},"class_list":["post-1042","page","type-page","status-publish","hentry"],"_links":{"self":[{"href":"https:\/\/cofapro.be\/fr\/wp-json\/wp\/v2\/pages\/1042","targetHints":{"allow":["GET"]}}],"collection":[{"href":"https:\/\/cofapro.be\/fr\/wp-json\/wp\/v2\/pages"}],"about":[{"href":"https:\/\/cofapro.be\/fr\/wp-json\/wp\/v2\/types\/page"}],"author":[{"embeddable":true,"href":"https:\/\/cofapro.be\/fr\/wp-json\/wp\/v2\/users\/1"}],"replies":[{"embeddable":true,"href":"https:\/\/cofapro.be\/fr\/wp-json\/wp\/v2\/comments?post=1042"}],"version-history":[{"count":2,"href":"https:\/\/cofapro.be\/fr\/wp-json\/wp\/v2\/pages\/1042\/revisions"}],"predecessor-version":[{"id":1044,"href":"https:\/\/cofapro.be\/fr\/wp-json\/wp\/v2\/pages\/1042\/revisions\/1044"}],"wp:attachment":[{"href":"https:\/\/cofapro.be\/fr\/wp-json\/wp\/v2\/media?parent=1042"}],"curies":[{"name":"wp","href":"https:\/\/api.w.org\/{rel}","templated":true}]}}